{"id":17,"date":"2021-07-01T14:18:20","date_gmt":"2021-07-01T12:18:20","guid":{"rendered":"http:\/\/he-lifecare.de\/dev\/?page_id=17"},"modified":"2024-05-08T12:36:44","modified_gmt":"2024-05-08T10:36:44","slug":"startseite","status":"publish","type":"page","link":"https:\/\/he-lifecare.de\/dev\/","title":{"rendered":"Startseite"},"content":{"rendered":"<p>[et_pb_section fb_built=&#8220;1&#8243; _builder_version=&#8220;4.16&#8243; _module_preset=&#8220;default&#8220; background_color=&#8220;RGBA(0,0,0,0)&#8220; background_image=&#8220;https:\/\/he-lifecare.de\/dev\/wp-content\/uploads\/2021\/07\/back1_25percent.png&#8220; global_colors_info=&#8220;{}&#8220;][et_pb_row column_structure=&#8220;1_2,1_2&#8243; _builder_version=&#8220;4.25.0&#8243; _module_preset=&#8220;default&#8220; background_enable_image=&#8220;off&#8220; background_size=&#8220;contain&#8220; background_position=&#8220;center_right&#8220; width=&#8220;90%&#8220; custom_margin=&#8220;||30px||false|false&#8220; global_colors_info=&#8220;{}&#8220;][et_pb_column type=&#8220;1_2&#8243; _builder_version=&#8220;4.16&#8243; _module_preset=&#8220;default&#8220; global_colors_info=&#8220;{}&#8220;][et_pb_image src=&#8220;https:\/\/he-lifecare.de\/dev\/wp-content\/uploads\/2021\/07\/Herzlich_Willkommen.svg&#8220; title_text=&#8220;Herzlich_Willkommen&#8220; _builder_version=&#8220;4.16&#8243; _module_preset=&#8220;default&#8220; width=&#8220;500px&#8220; width_tablet=&#8220;&#8220; width_phone=&#8220;300px&#8220; width_last_edited=&#8220;on|tablet&#8220; custom_padding=&#8220;200px|||||&#8220; custom_padding_tablet=&#8220;0px||||false|false&#8220; custom_padding_phone=&#8220;0px||||false|false&#8220; custom_padding_last_edited=&#8220;on|phone&#8220; global_colors_info=&#8220;{}&#8220;][\/et_pb_image][ba_animated_text animated_text=&#8220;%91{%22value%22:%22%22,%22checked%22:0,%22dragID%22:-1},{%22value%22:%22Wir stellen uns vor%22,%22checked%22:0,%22dragID%22:0}%93&#8243; animation_speed=&#8220;50ms&#8220; use_loop=&#8220;off&#8220; show_cursor=&#8220;off&#8220; _builder_version=&#8220;4.16&#8243; _module_preset=&#8220;default&#8220; animated_level=&#8220;h2&#8243; animated_font=&#8220;|600|||||||&#8220; animated_text_color=&#8220;#7F61A1&#8243; custom_margin=&#8220;||||false|false&#8220; custom_padding=&#8220;||||false|false&#8220; locked=&#8220;off&#8220; global_colors_info=&#8220;{}&#8220;][\/ba_animated_text][et_pb_text _builder_version=&#8220;4.25.0&#8243; _module_preset=&#8220;default&#8220; text_text_color=&#8220;#565655&#8243; text_font_size=&#8220;16px&#8220; custom_margin=&#8220;||100px||false|false&#8220; custom_margin_tablet=&#8220;-250px||||false|false&#8220; custom_margin_phone=&#8220;-150px||||false|false&#8220; custom_margin_last_edited=&#8220;on|phone&#8220; global_colors_info=&#8220;{}&#8220;]<\/p>\n<p>Unser ambulanter Intensivpflegedienst ist auf die Versorgung intensivpflegebed\u00fcrftiger sowie tracheotomierter und\/oder beatmeter Menschen in einer Wohngemeinschaft spezialisiert.<\/p>\n<p>Wir haben uns zum Ziel gesetzt, die Lebensqualit\u00e4t zu erhalten bzw. zu f\u00f6rdern um ein lebenswertes Leben durch professionelle Betreuung zu erm\u00f6glichen, die jeweils individuell auf den Patienten abgestimmt ist.<\/p>\n<p>Selbstbestimmung unserer anvertrauten Bewohner, ist uns sehr wichtig. Gerade die Versorgung intensiv-pflegebed\u00fcrftiger und dauerbeatmungspflichtiger Menschen erfordert aus unserer Sicht ein H\u00f6chstma\u00df an Einf\u00fchlungsverm\u00f6gen.<\/p>\n<p>Durch ein hochqualifiziertes Pflegeteam , die neben fachpflegerischen Wissen auch \u00fcber Erfahrungen in der Intensivpflege sowie au\u00dferklinischen Beatmungspflege verf\u00fcgen. Durch die hohe Fachkompetenz des Teams f\u00fchren wir eine aktivierende und rehabilitative Pflege und Betreuung durch.<\/p>\n<p>Wir arbeiten eng mit Angeh\u00f6rigen, Therapeuten, \u00c4rzten zusammen um eine ganzheitliche Pflege zu gew\u00e4hrleisten<\/p>\n<p>[\/et_pb_text][\/et_pb_column][et_pb_column type=&#8220;1_2&#8243; _builder_version=&#8220;4.16&#8243; _module_preset=&#8220;default&#8220; background_enable_image=&#8220;off&#8220; background_size=&#8220;contain&#8220; global_colors_info=&#8220;{}&#8220;][et_pb_image src=&#8220;https:\/\/he-lifecare.de\/dev\/wp-content\/uploads\/2021\/07\/VSK_Hands.png&#8220; title_text=&#8220;VSK_Hands&#8220; show_bottom_space_tablet=&#8220;&#8220; show_bottom_space_phone=&#8220;&#8220; show_bottom_space_last_edited=&#8220;on|tablet&#8220; _builder_version=&#8220;4.16&#8243; _module_preset=&#8220;default&#8220; custom_margin=&#8220;|-60px||0px|false|false&#8220; global_colors_info=&#8220;{}&#8220;][\/et_pb_image][\/et_pb_column][\/et_pb_row][et_pb_row column_structure=&#8220;3_5,2_5&#8243; disabled_on=&#8220;off|off|off&#8220; _builder_version=&#8220;4.25.0&#8243; _module_preset=&#8220;default&#8220; background_color=&#8220;#7F61A1&#8243; custom_margin=&#8220;||100px||false|false&#8220; custom_padding=&#8220;30px|30px|30px|30px|true|true&#8220; border_radii=&#8220;on|50px|50px|50px|50px&#8220; box_shadow_style=&#8220;preset1&#8243; global_colors_info=&#8220;{}&#8220;][et_pb_column type=&#8220;3_5&#8243; _builder_version=&#8220;4.16&#8243; _module_preset=&#8220;default&#8220; global_colors_info=&#8220;{}&#8220;][et_pb_text _builder_version=&#8220;4.25.0&#8243; _module_preset=&#8220;default&#8220; header_4_font=&#8220;|600|||||||&#8220; header_4_text_color=&#8220;#D0C2DD&#8220; header_4_letter_spacing=&#8220;1px&#8220; custom_margin=&#8220;0px||0px||true|false&#8220; custom_padding=&#8220;0px||0px||true|false&#8220; global_colors_info=&#8220;{}&#8220;]<\/p>\n<h4>Jobangebote f\u00fcr<\/h4>\n<p>[\/et_pb_text][et_pb_text _builder_version=&#8220;4.25.0&#8243; _module_preset=&#8220;default&#8220; header_font=&#8220;|700||on|||||&#8220; header_text_color=&#8220;#FFFFFF&#8220; header_letter_spacing=&#8220;2px&#8220; header_4_font=&#8220;|600|||||||&#8220; header_4_text_color=&#8220;#E5DEED&#8220; custom_margin=&#8220;0px||0px||true|false&#8220; custom_padding=&#8220;0px||0px||true|false&#8220; global_colors_info=&#8220;{}&#8220;]<\/p>\n<h1>Pflegefachkr\u00e4fte (m\/w\/d)<\/h1>\n<p>[\/et_pb_text][et_pb_text _builder_version=&#8220;4.25.0&#8243; _module_preset=&#8220;default&#8220; text_text_color=&#8220;#FFFFFF&#8220; text_font_size=&#8220;16px&#8220; header_4_font=&#8220;|600|||on||||&#8220; header_4_text_color=&#8220;#FFFFFF&#8220; header_4_letter_spacing=&#8220;1px&#8220; header_4_line_height=&#8220;1.4em&#8220; custom_margin=&#8220;0px||0px||true|false&#8220; custom_padding=&#8220;0px||0px||true|false&#8220; global_colors_info=&#8220;{}&#8220;]<\/p>\n<h4>Bei uns erwartet Sie:<\/h4>\n<ul>\n<li>eine attraktive Verg\u00fctung<\/li>\n<li>eine abwechslungsreiche und fachlich anspruchsvolle T\u00e4tigkeit, bei der sich Familie und Beruf gut miteinander vereinbaren lassen<\/li>\n<li>eine umfassende Einarbeitung durch erfahrene und qualifizierte Kollegen<\/li>\n<li>die M\u00f6glichkeit zur Teilnahme an internen und externen Fortbildungen<\/li>\n<li>viel Raum f\u00fcr Kreativit\u00e4t, Gestaltung und Mitbestimmung<\/li>\n<\/ul>\n<p>&nbsp;<\/p>\n<h4>Sie sind verantwortlich f\u00fcr:<\/h4>\n<ul>\n<li>die Alltagsgestaltung und Betreuung unserer Bewohner<\/li>\n<li>die bedarfsgerechte Ausf\u00fchrung der Grund- und Behandlungspflege<\/li>\n<li>die F\u00fchrung der Betreuungs-\/Pflegedokumentation<\/li>\n<li>die Erhaltung bzw. Wiederherstellung gr\u00f6\u00dftm\u00f6glicher Selbst\u00e4ndigkeit unserer Bewohner durch gezielte Mitwirkung bei Ma\u00dfnahmen der Pr\u00e4vention, Rehabilitation und Nachsorge<\/li>\n<li>fachliche Absprachen mit \u00c4rzten und Krankenh\u00e4usern bei erforderlichem Kl\u00e4rungsbedarf zu Pflegeanordnungen und Betreuungsverl\u00e4ufen in Absprache mit der Pflegedienstleitung<\/li>\n<li>eine aktive Mitarbeit bei erforderlich werdenden hauswirtschaftlichen T\u00e4tigkeiten zum Erhalt von Ordnung, Sauberkeit, Hygiene und Sicherheit in der Einrichtung<\/li>\n<li>das Beobachten, Erkennen und Beurteilen des Zustandes und der Ver\u00e4nderung im Verhalten und Befinden von unseren Bewohnern<\/li>\n<\/ul>\n<h4>Wir freuen uns auf Sie, weil Sie:<\/h4>\n<ul>\n<li>eine abgeschlossene Ausbildung als Altenpfleger (m\/w\/d), Gesundheits- und Krankenpfleger (m\/w\/d) oder als Pflegefachmann\/-frau mitbringen<\/li>\n<li>Berufserfahrungen in der Pflege aufweisen k\u00f6nnen und Freude am Umgang mit intensivpflichtigen Menschen haben<\/li>\n<li>Ihre F\u00e4higkeit zu fach- und qualit\u00e4tsgerechter Planung sowie Umsetzung und Dokumentation des Pflege- und Betreuungsprozesses anwenden m\u00f6chten<\/li>\n<li>team- und l\u00f6sungsorientiert arbeiten m\u00f6chten<\/li>\n<li>verantwortungsbewusst, flexibel und in einem hohen Grad selbst\u00e4ndig agieren<\/li>\n<\/ul>\n<h4>Haben wir Sie neugierig gemacht?<\/h4>\n<p>Dann bewerben Sie sich ganz einfach per E-Mail: <strong><span style=\"color: #ffffff;\"><a href=\"mailto:h.ertem@he-lifecare.de\" style=\"color: #ffffff;\">h.ertem@he-lifecare.de<\/a><\/span><\/strong>, oder \u00fcber unser <span style=\"color: #ffffff;\"><strong><a href=\"https:\/\/he-lifecare.de\/dev\/kontakt\/\" title=\"Kontaktformular\" style=\"color: #ffffff;\">Kontaktformular<\/a><\/strong><\/span>.<\/p>\n<p>[\/et_pb_text][\/et_pb_column][et_pb_column type=&#8220;2_5&#8243; _builder_version=&#8220;4.16&#8243; _module_preset=&#8220;default&#8220; global_colors_info=&#8220;{}&#8220;][et_pb_image src=&#8220;https:\/\/he-lifecare.de\/dev\/wp-content\/uploads\/2024\/04\/pflegefachkraft_web.jpg&#8220; title_text=&#8220;Portrait of nurse and her senior client on wheelchair.&#8220; _builder_version=&#8220;4.25.0&#8243; _module_preset=&#8220;default&#8220; border_radii=&#8220;on|35px|35px|35px|35px&#8220; box_shadow_style=&#8220;preset1&#8243; global_colors_info=&#8220;{}&#8220;][\/et_pb_image][et_pb_video src=&#8220;https:\/\/he-lifecare.de\/dev\/wp-content\/uploads\/2024\/05\/VID-20240404-WA0004-Video-Ausbildung.mp4&#8243; _builder_version=&#8220;4.25.0&#8243; _module_preset=&#8220;default&#8220; hover_enabled=&#8220;0&#8243; border_radii=&#8220;on|35px|35px|35px|35px&#8220; box_shadow_style=&#8220;preset1&#8243; global_colors_info=&#8220;{}&#8220; title_text=&#8220;vlcsnap-2024-05-08-12h31m52s576&#8243; image_src=&#8220;https:\/\/he-lifecare.de\/dev\/wp-content\/uploads\/2024\/05\/vlcsnap-2024-05-08-12h31m52s576.jpg&#8220; sticky_enabled=&#8220;0&#8243;][\/et_pb_video][\/et_pb_column][\/et_pb_row][\/et_pb_section]<\/p>\n","protected":false},"excerpt":{"rendered":"<p><div class=\"et_pb_module ba_animated_text ba_animated_text_0\">\n\t\t\t\t\n\t\t\t\t\n\t\t\t\t\n\t\t\t\t\n\t\t\t\t\n\t\t\t\t\n\t\t\t\t<div class=\"et_pb_module_inner\">\n\t\t\t\t\t<div id=\"dtq-animated-text-0\" class=\"dtq-module dtq-animated-text dtq-front\" data-settings=\"{&quot;strings&quot;:[&quot;&quot;,&quot;Wir stellen uns vor&quot;],&quot;showCursor&quot;:true,&quot;loop&quot;:false,&quot;typeSpeed&quot;:50,&quot;startDelay&quot;:300,&quot;backSpeed&quot;:50,&quot;backDelay&quot;:500}\" data-type=\"typed\">\n\t\t\t\t<h2 class=\"dtq-animated-text-head\">\n\t\t\t\t\t <div class=\"dtq-text-animation dtq-animated-text-main dtq-typed-text\"><\/div> \n\t\t\t\t<\/h2>\n\t\t\t<\/div>\n\t\t\t\t<\/div>\n\t\t\t<\/div>Unser ambulanter Intensivpflegedienst ist auf die Versorgung intensivpflegebed\u00fcrftiger sowie tracheotomierter und\/oder beatmeter Menschen in einer Wohngemeinschaft spezialisiert. Wir haben uns zum Ziel gesetzt, die Lebensqualit\u00e4t zu erhalten bzw. zu f\u00f6rdern um ein lebenswertes Leben durch professionelle Betreuung zu erm\u00f6glichen, [&hellip;]<\/p>\n","protected":false},"author":1,"featured_media":0,"parent":0,"menu_order":0,"comment_status":"closed","ping_status":"closed","template":"","meta":{"_et_pb_use_builder":"on","_et_pb_old_content":"","_et_gb_content_width":"","footnotes":""},"class_list":["post-17","page","type-page","status-publish","hentry"],"_links":{"self":[{"href":"https:\/\/he-lifecare.de\/dev\/wp-json\/wp\/v2\/pages\/17","targetHints":{"allow":["GET"]}}],"collection":[{"href":"https:\/\/he-lifecare.de\/dev\/wp-json\/wp\/v2\/pages"}],"about":[{"href":"https:\/\/he-lifecare.de\/dev\/wp-json\/wp\/v2\/types\/page"}],"author":[{"embeddable":true,"href":"https:\/\/he-lifecare.de\/dev\/wp-json\/wp\/v2\/users\/1"}],"replies":[{"embeddable":true,"href":"https:\/\/he-lifecare.de\/dev\/wp-json\/wp\/v2\/comments?post=17"}],"version-history":[{"count":34,"href":"https:\/\/he-lifecare.de\/dev\/wp-json\/wp\/v2\/pages\/17\/revisions"}],"predecessor-version":[{"id":739,"href":"https:\/\/he-lifecare.de\/dev\/wp-json\/wp\/v2\/pages\/17\/revisions\/739"}],"wp:attachment":[{"href":"https:\/\/he-lifecare.de\/dev\/wp-json\/wp\/v2\/media?parent=17"}],"curies":[{"name":"wp","href":"https:\/\/api.w.org\/{rel}","templated":true}]}}