{"id":19,"date":"2021-07-01T14:18:30","date_gmt":"2021-07-01T12:18:30","guid":{"rendered":"http:\/\/he-lifecare.de\/dev\/?page_id=19"},"modified":"2021-07-03T18:09:13","modified_gmt":"2021-07-03T16:09:13","slug":"leistungen","status":"publish","type":"page","link":"https:\/\/he-lifecare.de\/dev\/leistungen\/","title":{"rendered":"Leistungen"},"content":{"rendered":"<p>[et_pb_section fb_built=&#8220;1&#8243; _builder_version=&#8220;4.9.7&#8243; _module_preset=&#8220;default&#8220; background_color=&#8220;RGBA(0,0,0,0)&#8220; background_image=&#8220;http:\/\/he-lifecare.de\/dev\/wp-content\/uploads\/2021\/07\/back1_25percent.png&#8220;][et_pb_row column_structure=&#8220;1_2,1_2&#8243; _builder_version=&#8220;4.9.7&#8243; _module_preset=&#8220;default&#8220; background_enable_image=&#8220;off&#8220; background_size=&#8220;contain&#8220; background_position=&#8220;center_right&#8220; width=&#8220;90%&#8220;][et_pb_column type=&#8220;1_2&#8243; _builder_version=&#8220;4.9.7&#8243; _module_preset=&#8220;default&#8220;][ba_animated_text animated_text=&#8220;%91{%22value%22:%22%22,%22checked%22:0,%22dragID%22:-1},{%22value%22:%22Leistungen%22,%22checked%22:0,%22dragID%22:0}%93&#8243; animation_speed=&#8220;50ms&#8220; use_loop=&#8220;off&#8220; show_cursor=&#8220;off&#8220; _builder_version=&#8220;4.9.7&#8243; _module_preset=&#8220;default&#8220; animated_level=&#8220;h2&#8243; animated_font=&#8220;|600|||||||&#8220; animated_text_color=&#8220;#7F61A1&#8243; custom_margin=&#8220;200px||||false|false&#8220; custom_padding=&#8220;||||false|false&#8220; hover_enabled=&#8220;0&#8243; locked=&#8220;off&#8220; custom_margin_last_edited=&#8220;on|tablet&#8220; custom_margin_phone=&#8220;0px||||false|false&#8220; sticky_enabled=&#8220;0&#8243; custom_margin_tablet=&#8220;0px||||false|false&#8220;][\/ba_animated_text][et_pb_text _builder_version=&#8220;4.9.7&#8243; _module_preset=&#8220;default&#8220; header_3_font=&#8220;|600|||||||&#8220; header_3_text_color=&#8220;#7F61A1&#8243; header_3_line_height=&#8220;1.4em&#8220; header_4_text_color=&#8220;#7F61A1&#8243; custom_margin=&#8220;30px||||false|false&#8220; hover_enabled=&#8220;0&#8243; sticky_enabled=&#8220;0&#8243; header_4_line_height=&#8220;1.4em&#8220; header_4_font=&#8220;|600|||||||&#8220;]<\/p>\n<h4>In einer Intensiv-Wohngemeinschaft bieten wir z.B.<\/h4>\n<p>[\/et_pb_text][et_pb_text ul_type=&#8220;circle&#8220; ul_item_indent=&#8220;50px&#8220; _builder_version=&#8220;4.9.7&#8243; _module_preset=&#8220;default&#8220; text_text_color=&#8220;#565655&#8243; text_line_height=&#8220;1.8em&#8220; ul_text_color=&#8220;#565655&#8243; ul_line_height=&#8220;1.8em&#8220; custom_margin=&#8220;||||false|false&#8220; custom_margin_tablet=&#8220;&#8220; custom_margin_phone=&#8220;||||false|false&#8220; custom_margin_last_edited=&#8220;on|phone&#8220; hover_enabled=&#8220;0&#8243; sticky_enabled=&#8220;0&#8243;]<\/p>\n<ul>\n<li>Alle Hilfen im Bereich der Grundpflege SGB XI) und Behandlungspflege (SGB V) an<\/li>\n<li>24-Std. Betreuung im Bereich Beatmung und Intensivpflege<\/li>\n<li>Wir f\u00fchren alle vom Arzt verordneten Ma\u00dfnahmen in enger Kooperation mit Ihrem\/Ihrer Hausarzt\/-\u00e4rztin durch.<\/li>\n<li>Wir erstellen einen an Ihren Bedarf orientierten Ma\u00dfnahmeplan<\/li>\n<li>Wir stehen in enger Kooperation mit den Krankenkassen<\/li>\n<li>F\u00fchren wir Ihre Wundversorgung nur durch qualifizierte Mitarbeiter durch<br \/>u.v.m.<\/li>\n<\/ul>\n<p>[\/et_pb_text][\/et_pb_column][et_pb_column type=&#8220;1_2&#8243; _builder_version=&#8220;4.9.7&#8243; _module_preset=&#8220;default&#8220; background_enable_image=&#8220;off&#8220; background_size=&#8220;contain&#8220;][et_pb_image src=&#8220;http:\/\/he-lifecare.de\/dev\/wp-content\/uploads\/2021\/07\/omi2.png&#8220; title_text=&#8220;omi2&#8243; _builder_version=&#8220;4.9.7&#8243; _module_preset=&#8220;default&#8220; custom_margin=&#8220;-70px|-100px||110px||&#8220; hover_enabled=&#8220;0&#8243; custom_margin_last_edited=&#8220;on|tablet&#8220; custom_margin_phone=&#8220;0px|0px||0px|false|false&#8220; sticky_enabled=&#8220;0&#8243; custom_margin_tablet=&#8220;0px|0px||0px|false|false&#8220;][\/et_pb_image][\/et_pb_column][\/et_pb_row][et_pb_row _builder_version=&#8220;4.9.7&#8243; _module_preset=&#8220;default&#8220; width=&#8220;90%&#8220;][et_pb_column type=&#8220;4_4&#8243; _builder_version=&#8220;4.9.7&#8243; _module_preset=&#8220;default&#8220;][ba_animated_text animated_text=&#8220;%91{%22value%22:%22%22,%22checked%22:0,%22dragID%22:-1},{%22value%22:%22Unsere Kompetenzen und Pflegeangebote%22,%22checked%22:0,%22dragID%22:0}%93&#8243; animation_speed=&#8220;50ms&#8220; use_loop=&#8220;off&#8220; show_cursor=&#8220;off&#8220; _builder_version=&#8220;4.9.7&#8243; _module_preset=&#8220;default&#8220; animated_level=&#8220;h2&#8243; animated_font=&#8220;|600|||||||&#8220; animated_text_color=&#8220;#7F61A1&#8243; custom_margin=&#8220;||||false|false&#8220; custom_padding=&#8220;||||false|false&#8220; locked=&#8220;off&#8220;][\/ba_animated_text][\/et_pb_column][\/et_pb_row][et_pb_row column_structure=&#8220;1_3,1_3,1_3&#8243; use_custom_gutter=&#8220;on&#8220; gutter_width=&#8220;2&#8243; make_equal=&#8220;on&#8220; _builder_version=&#8220;4.9.7&#8243; _module_preset=&#8220;default&#8220; width=&#8220;90%&#8220;][et_pb_column type=&#8220;1_3&#8243; _builder_version=&#8220;4.9.7&#8243; _module_preset=&#8220;default&#8220; background_color=&#8220;#E5DEED&#8220; use_background_color_gradient=&#8220;on&#8220; background_color_gradient_start=&#8220;#ffffff&#8220; background_color_gradient_end=&#8220;#e5deed&#8220; background_color_gradient_type=&#8220;radial&#8220; background_color_gradient_direction_radial=&#8220;top left&#8220; border_radii=&#8220;on|20px|20px|20px|20px&#8220; border_width_all=&#8220;2px&#8220; border_color_all=&#8220;#9F7BB6&#8243; box_shadow_style=&#8220;preset3&#8243;][et_pb_blurb title=&#8220;Versorgung&#8220; icon_placement=&#8220;left&#8220; _builder_version=&#8220;4.9.7&#8243; _module_preset=&#8220;default&#8220; header_level=&#8220;h3&#8243; header_font=&#8220;|600|||||||&#8220; header_text_color=&#8220;#7F61A1&#8243; header_font_size=&#8220;24px&#8220; header_line_height=&#8220;1.4em&#8220; body_text_color=&#8220;#565655&#8243; body_ul_type=&#8220;circle&#8220; body_ul_text_color=&#8220;#565655&#8243; background_color=&#8220;RGBA(0,0,0,0)&#8220; custom_margin=&#8220;||14px|||&#8220; custom_padding=&#8220;20px|20px|20px|20px|false|false&#8220; border_color_all=&#8220;RGBA(0,0,0,0)&#8220;]<\/p>\n<p>Bis zu 24 Stunden pro Tag<\/p>\n<p>[\/et_pb_blurb][et_pb_image src=&#8220;http:\/\/he-lifecare.de\/dev\/wp-content\/uploads\/2021\/07\/Service_24_7.svg&#8220; title_text=&#8220;Service_24_7&#8243; _builder_version=&#8220;4.9.7&#8243; _module_preset=&#8220;default&#8220; width=&#8220;180px&#8220; module_alignment=&#8220;center&#8220; custom_margin=&#8220;||30px||false|false&#8220;][\/et_pb_image][\/et_pb_column][et_pb_column type=&#8220;1_3&#8243; _builder_version=&#8220;4.9.7&#8243; _module_preset=&#8220;default&#8220; background_color=&#8220;#E5DEED&#8220; use_background_color_gradient=&#8220;on&#8220; background_color_gradient_start=&#8220;#ffffff&#8220; background_color_gradient_end=&#8220;#e5deed&#8220; background_color_gradient_type=&#8220;radial&#8220; background_color_gradient_direction_radial=&#8220;top left&#8220; border_radii=&#8220;on|20px|20px|20px|20px&#8220; border_width_all=&#8220;2px&#8220; border_color_all=&#8220;#9F7BB6&#8243; box_shadow_style=&#8220;preset3&#8243;][et_pb_blurb title=&#8220;Grundpflege&#8220; icon_placement=&#8220;left&#8220; _builder_version=&#8220;4.9.7&#8243; _module_preset=&#8220;default&#8220; header_level=&#8220;h3&#8243; header_font=&#8220;|600|||||||&#8220; header_text_color=&#8220;#7F61A1&#8243; header_font_size=&#8220;24px&#8220; header_line_height=&#8220;1.4em&#8220; body_text_color=&#8220;#565655&#8243; body_ul_type=&#8220;circle&#8220; body_ul_text_color=&#8220;#565655&#8243; background_color=&#8220;RGBA(0,0,0,0)&#8220; custom_padding=&#8220;20px|20px|20px|20px|false|false&#8220; border_color_all=&#8220;RGBA(0,0,0,0)&#8220;]<\/p>\n<h5>(gem\u00e4\u00df Sozialgesetzbuch (SGB) XI\u00a0<\/h5>\n<ul>\n<li>Mobilit\u00e4t erhalten und f\u00f6rdern<\/li>\n<li>K\u00f6rperpflege<\/li>\n<li>Ern\u00e4hrung auch enteral und parenteral<\/li>\n<li>Prophylaxen (wie Dekubitus, Pneumonie, Kontrakturen \u2026)<\/li>\n<li>F\u00f6rderung der Eigenst\u00e4ndigkeit (Hilfe zur Selbsthilfe)<\/li>\n<\/ul>\n<p>[\/et_pb_blurb][\/et_pb_column][et_pb_column type=&#8220;1_3&#8243; _builder_version=&#8220;4.9.7&#8243; _module_preset=&#8220;default&#8220; background_color=&#8220;#E5DEED&#8220; use_background_color_gradient=&#8220;on&#8220; background_color_gradient_start=&#8220;#ffffff&#8220; background_color_gradient_end=&#8220;#e5deed&#8220; background_color_gradient_type=&#8220;radial&#8220; background_color_gradient_direction_radial=&#8220;top left&#8220; border_radii=&#8220;on|20px|20px|20px|20px&#8220; border_width_all=&#8220;2px&#8220; border_color_all=&#8220;#9F7BB6&#8243; box_shadow_style=&#8220;preset3&#8243;][et_pb_blurb title=&#8220;F\u00f6rderung der Alltagskompetenzen&#8220; icon_placement=&#8220;left&#8220; _builder_version=&#8220;4.9.7&#8243; _module_preset=&#8220;default&#8220; header_level=&#8220;h3&#8243; header_font=&#8220;|600|||||||&#8220; header_text_color=&#8220;#7F61A1&#8243; header_font_size=&#8220;24px&#8220; header_line_height=&#8220;1.4em&#8220; body_text_color=&#8220;#565655&#8243; body_ul_type=&#8220;circle&#8220; body_ul_text_color=&#8220;#565655&#8243; background_color=&#8220;RGBA(0,0,0,0)&#8220; custom_padding=&#8220;20px|20px|20px|20px|false|false&#8220; border_color_all=&#8220;RGBA(0,0,0,0)&#8220;]<\/p>\n<h5>(Entlastungsleistungen nach \u00a7 45 b SGB XI)\u00a0<\/h5>\n<ul>\n<li>Betreuung, Begleitung &amp; Motivation bei bestimmten Aktivit\u00e4ten (wie z.B. Musik, Vorlesen \u2026)<\/li>\n<li>Basale Stimulation\u2026.,<\/li>\n<li>Ged\u00e4chtnis, Kommunikation, Motorik, Wahrnehmung und Orientierung<\/li>\n<\/ul>\n<p>[\/et_pb_blurb][\/et_pb_column][\/et_pb_row][et_pb_row column_structure=&#8220;1_3,1_3,1_3&#8243; use_custom_gutter=&#8220;on&#8220; gutter_width=&#8220;2&#8243; make_equal=&#8220;on&#8220; _builder_version=&#8220;4.9.7&#8243; _module_preset=&#8220;default&#8220; width=&#8220;90%&#8220; border_color_all=&#8220;RGBA(0,0,0,0)&#8220;][et_pb_column type=&#8220;1_3&#8243; _builder_version=&#8220;4.9.7&#8243; _module_preset=&#8220;default&#8220; background_color=&#8220;#E5DEED&#8220; use_background_color_gradient=&#8220;on&#8220; background_color_gradient_start=&#8220;#ffffff&#8220; background_color_gradient_end=&#8220;#e5deed&#8220; background_color_gradient_type=&#8220;radial&#8220; background_color_gradient_direction_radial=&#8220;top left&#8220; border_radii=&#8220;on|20px|20px|20px|20px&#8220; border_width_all=&#8220;2px&#8220; border_color_all=&#8220;#9F7BB6&#8243; box_shadow_style=&#8220;preset3&#8243;][et_pb_blurb title=&#8220;\u00c4rztlich verordnete Behandlungspflege und ambulante Intensivpflege&#8220; icon_placement=&#8220;left&#8220; _builder_version=&#8220;4.9.7&#8243; _module_preset=&#8220;default&#8220; header_level=&#8220;h3&#8243; header_font=&#8220;|600|||||||&#8220; header_text_color=&#8220;#7F61A1&#8243; header_font_size=&#8220;24px&#8220; header_line_height=&#8220;1.4em&#8220; body_text_color=&#8220;#565655&#8243; body_ul_type=&#8220;circle&#8220; body_ul_text_color=&#8220;#565655&#8243; background_color=&#8220;RGBA(0,0,0,0)&#8220; custom_padding=&#8220;20px|20px|20px|20px|false|false&#8220; border_color_all=&#8220;RGBA(0,0,0,0)&#8220;]<\/p>\n<h5>(gem\u00e4\u00df SGB V)\u00a0<\/h5>\n<ul>\n<li>Medizinisch-therapeutische Behandlungspflege (Medikamente, Wundversorgung \u2026)<\/li>\n<li>Pflegerische Ma\u00dfnahme ( Diagnostik &amp; Therapie)<\/li>\n<li>Stoma und Katheter Versorgung<\/li>\n<li>Enterale und parenterale Ern\u00e4hrung<\/li>\n<\/ul>\n<p>[\/et_pb_blurb][\/et_pb_column][et_pb_column type=&#8220;1_3&#8243; _builder_version=&#8220;4.9.7&#8243; _module_preset=&#8220;default&#8220; background_color=&#8220;#E5DEED&#8220; use_background_color_gradient=&#8220;on&#8220; background_color_gradient_start=&#8220;#ffffff&#8220; background_color_gradient_end=&#8220;#e5deed&#8220; background_color_gradient_type=&#8220;radial&#8220; background_color_gradient_direction_radial=&#8220;top left&#8220; border_radii=&#8220;on|20px|20px|20px|20px&#8220; border_width_all=&#8220;2px&#8220; border_color_all=&#8220;#9F7BB6&#8243; box_shadow_style=&#8220;preset3&#8243;][et_pb_blurb title=&#8220;Spezielle Behandlungspflege&#8220; icon_placement=&#8220;left&#8220; _builder_version=&#8220;4.9.7&#8243; _module_preset=&#8220;default&#8220; header_level=&#8220;h3&#8243; header_font=&#8220;|600|||||||&#8220; header_text_color=&#8220;#7F61A1&#8243; header_font_size=&#8220;24px&#8220; header_line_height=&#8220;1.4em&#8220; body_text_color=&#8220;#565655&#8243; body_ul_type=&#8220;circle&#8220; body_ul_text_color=&#8220;#565655&#8243; background_color=&#8220;RGBA(0,0,0,0)&#8220; custom_padding=&#8220;20px|20px|20px|20px|false|false&#8220; border_color_all=&#8220;RGBA(0,0,0,0)&#8220;]<\/p>\n<ul>\n<li>\u00a0Trachealkan\u00fcle (Wechsel und Pflege)<\/li>\n<li>Sicherstellung der invasiven\/nicht-invasiven Beatmung<\/li>\n<li>\u00dcberwachung der Beatmungs- und Vitalparameter , Weaning<\/li>\n<li>Monitoring<\/li>\n<li>Endotracheales Absaugen und Sektretmanagement<\/li>\n<li>Krankenbeobachtung<\/li>\n<\/ul>\n<p>[\/et_pb_blurb][\/et_pb_column][et_pb_column type=&#8220;1_3&#8243; _builder_version=&#8220;4.9.7&#8243; _module_preset=&#8220;default&#8220; background_color=&#8220;#E5DEED&#8220; use_background_color_gradient=&#8220;on&#8220; background_color_gradient_start=&#8220;#ffffff&#8220; background_color_gradient_end=&#8220;#e5deed&#8220; background_color_gradient_type=&#8220;radial&#8220; background_color_gradient_direction_radial=&#8220;top left&#8220; border_radii=&#8220;on|20px|20px|20px|20px&#8220; border_width_all=&#8220;2px&#8220; border_color_all=&#8220;#9F7BB6&#8243; box_shadow_style=&#8220;preset3&#8243;][et_pb_blurb title=&#8220;Entlassungsmanagement&#8220; icon_placement=&#8220;left&#8220; _builder_version=&#8220;4.9.7&#8243; _module_preset=&#8220;default&#8220; header_level=&#8220;h3&#8243; header_font=&#8220;|600|||||||&#8220; header_text_color=&#8220;#7F61A1&#8243; header_font_size=&#8220;24px&#8220; header_line_height=&#8220;1.4em&#8220; body_text_color=&#8220;#565655&#8243; body_ul_type=&#8220;circle&#8220; body_ul_text_color=&#8220;#565655&#8243; background_color=&#8220;RGBA(0,0,0,0)&#8220; custom_padding=&#8220;20px|20px|20px|20px|false|false&#8220; border_color_all=&#8220;RGBA(0,0,0,0)&#8220;]<\/p>\n<h5>(gem\u00e4\u00df SGB V)\u00a0<\/h5>\n<p>Wir bieten in unserer WG ein vielf\u00e4ltiges Angebot an Service-, Behandlungs-, Betreuungs- und Pflegedienstleistungen das hohe Qualtit\u00e4tsanforderungen erf\u00fcllt.<\/p>\n<p>[\/et_pb_blurb][\/et_pb_column][\/et_pb_row][et_pb_row column_structure=&#8220;1_3,1_3,1_3&#8243; use_custom_gutter=&#8220;on&#8220; gutter_width=&#8220;2&#8243; make_equal=&#8220;on&#8220; _builder_version=&#8220;4.9.7&#8243; _module_preset=&#8220;default&#8220; width=&#8220;90%&#8220;][et_pb_column type=&#8220;1_3&#8243; _builder_version=&#8220;4.9.7&#8243; _module_preset=&#8220;default&#8220; background_color=&#8220;#E5DEED&#8220; use_background_color_gradient=&#8220;on&#8220; background_color_gradient_start=&#8220;#ffffff&#8220; background_color_gradient_end=&#8220;#e5deed&#8220; background_color_gradient_type=&#8220;radial&#8220; background_color_gradient_direction_radial=&#8220;top left&#8220; border_radii=&#8220;on|20px|20px|20px|20px&#8220; border_width_all=&#8220;2px&#8220; border_color_all=&#8220;#9F7BB6&#8243; box_shadow_style=&#8220;preset3&#8243;][et_pb_blurb title=&#8220;St\u00e4ndiger Austausch&#8220; icon_placement=&#8220;left&#8220; _builder_version=&#8220;4.9.7&#8243; _module_preset=&#8220;default&#8220; header_level=&#8220;h3&#8243; header_font=&#8220;|600|||||||&#8220; header_text_color=&#8220;#7F61A1&#8243; header_font_size=&#8220;24px&#8220; header_line_height=&#8220;1.4em&#8220; body_text_color=&#8220;#565655&#8243; body_ul_type=&#8220;circle&#8220; body_ul_text_color=&#8220;#565655&#8243; background_color=&#8220;RGBA(0,0,0,0)&#8220; custom_padding=&#8220;20px|20px|20px|20px|false|false&#8220; border_color_all=&#8220;RGBA(0,0,0,0)&#8220;]<\/p>\n<p>Da uns der Kontakt zu den Angeh\u00f6rigen und Betreuern sehr wichtig ist, informieren wir\u00a0 immer\u00a0 bei Ver\u00e4nderungen der Pflegesituation oder Pflegezeiten. Wir geben Ausk\u00fcnfte bei ver\u00e4ndertem Gesundheitszustand oder bei Ver\u00e4nderungen der medizinischen Betreuung.<\/p>\n<p>Dabei steht die verantwortliche Pflegekraft als erster Ansprechpartner zur Verf\u00fcgung und gibt im Rahmen Ihrer M\u00f6glichkeiten wichtige medizinische Informationen. Weiterhin beantworten wir spezifische Fragen auch bei ver\u00e4nderten Leistungsanspr\u00fcchen und -m\u00f6glichkeiten.<\/p>\n<p>[\/et_pb_blurb][\/et_pb_column][et_pb_column type=&#8220;1_3&#8243; _builder_version=&#8220;4.9.7&#8243; _module_preset=&#8220;default&#8220; background_color=&#8220;#E5DEED&#8220; use_background_color_gradient=&#8220;on&#8220; background_color_gradient_start=&#8220;#ffffff&#8220; background_color_gradient_end=&#8220;#e5deed&#8220; background_color_gradient_type=&#8220;radial&#8220; background_color_gradient_direction_radial=&#8220;top left&#8220; border_radii=&#8220;on|20px|20px|20px|20px&#8220; border_width_all=&#8220;2px&#8220; border_color_all=&#8220;#9F7BB6&#8243; box_shadow_style=&#8220;preset3&#8243;][et_pb_blurb title=&#8220;Intensive Unterst\u00fctzung&#8220; icon_placement=&#8220;left&#8220; _builder_version=&#8220;4.9.7&#8243; _module_preset=&#8220;default&#8220; header_level=&#8220;h3&#8243; header_font=&#8220;|600|||||||&#8220; header_text_color=&#8220;#7F61A1&#8243; header_font_size=&#8220;24px&#8220; header_line_height=&#8220;1.4em&#8220; body_text_color=&#8220;#565655&#8243; body_ul_type=&#8220;circle&#8220; body_ul_text_color=&#8220;#565655&#8243; background_color=&#8220;RGBA(0,0,0,0)&#8220; custom_padding=&#8220;20px|20px|20px|20px|false|false&#8220; border_color_all=&#8220;RGBA(0,0,0,0)&#8220;]<\/p>\n<p>Wir begleiten Sie in der Eingew\u00f6hnungsphase und der Einrichtung der Zimmer damit ein vertrautes Wohnumfeld und ein pers\u00f6nliches Zuhause entstehen.\u00a0<\/p>\n<p>Wir stehen bei Fragen und Anregungen immer zur Verf\u00fcgung und stellen z. B. Kontakte zu Haus- oder Fach\u00e4rzten her und begleiten bei Freizeitaktivit\u00e4ten und erf\u00fcllen somit individuelle W\u00fcnsche. \u00a0Wir werden uns um sie k\u00fcmmern.<\/p>\n<p>[\/et_pb_blurb][\/et_pb_column][et_pb_column type=&#8220;1_3&#8243; _builder_version=&#8220;4.9.7&#8243; _module_preset=&#8220;default&#8220; background_color=&#8220;#E5DEED&#8220; use_background_color_gradient=&#8220;on&#8220; background_color_gradient_start=&#8220;#ffffff&#8220; background_color_gradient_end=&#8220;#e5deed&#8220; background_color_gradient_type=&#8220;radial&#8220; background_color_gradient_direction_radial=&#8220;top left&#8220; border_radii=&#8220;on|20px|20px|20px|20px&#8220; border_width_all=&#8220;2px&#8220; border_color_all=&#8220;#9F7BB6&#8243; box_shadow_style=&#8220;preset3&#8243;][et_pb_blurb title=&#8220;Fachkundige Beratung&#8220; icon_placement=&#8220;left&#8220; _builder_version=&#8220;4.9.7&#8243; _module_preset=&#8220;default&#8220; header_level=&#8220;h3&#8243; header_font=&#8220;|600|||||||&#8220; header_text_color=&#8220;#7F61A1&#8243; header_font_size=&#8220;24px&#8220; header_line_height=&#8220;1.4em&#8220; body_text_color=&#8220;#565655&#8243; body_ul_type=&#8220;circle&#8220; body_ul_text_color=&#8220;#565655&#8243; background_color=&#8220;RGBA(0,0,0,0)&#8220; custom_padding=&#8220;20px|20px|20px|20px|false|false&#8220; border_color_all=&#8220;RGBA(0,0,0,0)&#8220;]<\/p>\n<p>Jede Situation ist anders und deshalb m\u00f6chten wir Sie in einem Gespr\u00e4ch gerne \u00a0kennenlernen und Ihre Sorgen und N\u00f6te verstehen. Wir beraten sie gerne in der Klinik, in der Reha oder auch Zuhause und geben unsere Erfahrungen weiter.<\/p>\n<p>Wir besprechen die wesentlichen Punkte der Versorgung \u00a0in der Wohngemeinschaft. Dazu geh\u00f6ren die Kostenberechnung und die Finanzierung der Pflegeleistungen durch die Pflegekasse und Krankenkasse.<\/p>\n<p>[\/et_pb_blurb][\/et_pb_column][\/et_pb_row][et_pb_row column_structure=&#8220;1_3,1_3,1_3&#8243; use_custom_gutter=&#8220;on&#8220; gutter_width=&#8220;2&#8243; make_equal=&#8220;on&#8220; _builder_version=&#8220;4.9.7&#8243; _module_preset=&#8220;default&#8220; width=&#8220;90%&#8220; custom_margin=&#8220;||100px||false|false&#8220;][et_pb_column type=&#8220;1_3&#8243; _builder_version=&#8220;4.9.7&#8243; _module_preset=&#8220;default&#8220; background_color=&#8220;#E5DEED&#8220; use_background_color_gradient=&#8220;on&#8220; background_color_gradient_start=&#8220;#ffffff&#8220; background_color_gradient_end=&#8220;#e5deed&#8220; background_color_gradient_type=&#8220;radial&#8220; background_color_gradient_direction_radial=&#8220;top left&#8220; border_radii=&#8220;on|20px|20px|20px|20px&#8220; border_width_all=&#8220;2px&#8220; border_color_all=&#8220;#9F7BB6&#8243; box_shadow_style=&#8220;preset3&#8243;][et_pb_blurb title=&#8220;Therapeutische Ma\u00dfnahmen&#8220; icon_placement=&#8220;left&#8220; _builder_version=&#8220;4.9.7&#8243; _module_preset=&#8220;default&#8220; header_level=&#8220;h3&#8243; header_font=&#8220;|600|||||||&#8220; header_text_color=&#8220;#7F61A1&#8243; header_font_size=&#8220;24px&#8220; header_line_height=&#8220;1.4em&#8220; body_text_color=&#8220;#565655&#8243; body_ul_type=&#8220;circle&#8220; body_ul_text_color=&#8220;#565655&#8243; background_color=&#8220;RGBA(0,0,0,0)&#8220; custom_padding=&#8220;20px|20px|20px|20px|false|false&#8220; border_color_all=&#8220;RGBA(0,0,0,0)&#8220;]<\/p>\n<ul>\n<li>Unterst\u00fctzung und mitwirken bei Therapien wie Logop\u00e4die, Krankengymnastik\/Physiotherapie, Ergotherapie<\/li>\n<\/ul>\n<p>[\/et_pb_blurb][\/et_pb_column][et_pb_column type=&#8220;1_3&#8243; _builder_version=&#8220;4.9.7&#8243; _module_preset=&#8220;default&#8220; background_color=&#8220;#E5DEED&#8220; background_enable_color=&#8220;off&#8220; use_background_color_gradient=&#8220;on&#8220; background_color_gradient_start=&#8220;#ffffff&#8220; background_color_gradient_end=&#8220;#e5deed&#8220; background_color_gradient_type=&#8220;radial&#8220; background_color_gradient_direction_radial=&#8220;top left&#8220; border_radii=&#8220;on|20px|20px|20px|20px&#8220; border_width_all=&#8220;2px&#8220; border_color_all=&#8220;#9F7BB6&#8243; box_shadow_style=&#8220;preset3&#8243;][et_pb_blurb title=&#8220;Hauswirtschaftliche Versorgung&#8220; icon_placement=&#8220;left&#8220; _builder_version=&#8220;4.9.7&#8243; _module_preset=&#8220;default&#8220; header_level=&#8220;h3&#8243; header_font=&#8220;|600|||||||&#8220; header_text_color=&#8220;#7F61A1&#8243; header_font_size=&#8220;24px&#8220; header_line_height=&#8220;1.4em&#8220; body_text_color=&#8220;#565655&#8243; body_ul_type=&#8220;circle&#8220; body_ul_text_color=&#8220;#565655&#8243; background_color=&#8220;RGBA(0,0,0,0)&#8220; custom_padding=&#8220;20px|20px|20px|20px|false|false&#8220; border_color_all=&#8220;RGBA(0,0,0,0)&#8220;]<\/p>\n<h5>(gem\u00e4\u00df SGB XI)<\/h5>\n<p>[\/et_pb_blurb][\/et_pb_column][et_pb_column type=&#8220;1_3&#8243; _builder_version=&#8220;4.9.7&#8243; _module_preset=&#8220;default&#8220;][\/et_pb_column][\/et_pb_row][\/et_pb_section]<\/p>\n","protected":false},"excerpt":{"rendered":"<p><div class=\"et_pb_module ba_animated_text ba_animated_text_0\">\n\t\t\t\t\n\t\t\t\t\n\t\t\t\t\n\t\t\t\t\n\t\t\t\t\n\t\t\t\t\n\t\t\t\t<div class=\"et_pb_module_inner\">\n\t\t\t\t\t<div id=\"dtq-animated-text-0\" class=\"dtq-module dtq-animated-text dtq-front\" data-settings=\"{&quot;strings&quot;:[&quot;&quot;,&quot;Leistungen&quot;],&quot;showCursor&quot;:true,&quot;loop&quot;:false,&quot;typeSpeed&quot;:50,&quot;startDelay&quot;:300,&quot;backSpeed&quot;:50,&quot;backDelay&quot;:500}\" data-type=\"typed\">\n\t\t\t\t<h2 class=\"dtq-animated-text-head\">\n\t\t\t\t\t <div class=\"dtq-text-animation dtq-animated-text-main dtq-typed-text\"><\/div> \n\t\t\t\t<\/h2>\n\t\t\t<\/div>\n\t\t\t\t<\/div>\n\t\t\t<\/div>In einer Intensiv-Wohngemeinschaft bieten wir z.B. Alle Hilfen im Bereich der Grundpflege SGB XI) und Behandlungspflege (SGB V) an 24-Std. Betreuung im Bereich Beatmung und Intensivpflege Wir f\u00fchren alle vom Arzt verordneten Ma\u00dfnahmen in enger Kooperation mit Ihrem\/Ihrer [&hellip;]<\/p>\n","protected":false},"author":1,"featured_media":0,"parent":0,"menu_order":0,"comment_status":"closed","ping_status":"closed","template":"","meta":{"_et_pb_use_builder":"on","_et_pb_old_content":"","_et_gb_content_width":"","footnotes":""},"class_list":["post-19","page","type-page","status-publish","hentry"],"_links":{"self":[{"href":"https:\/\/he-lifecare.de\/dev\/wp-json\/wp\/v2\/pages\/19","targetHints":{"allow":["GET"]}}],"collection":[{"href":"https:\/\/he-lifecare.de\/dev\/wp-json\/wp\/v2\/pages"}],"about":[{"href":"https:\/\/he-lifecare.de\/dev\/wp-json\/wp\/v2\/types\/page"}],"author":[{"embeddable":true,"href":"https:\/\/he-lifecare.de\/dev\/wp-json\/wp\/v2\/users\/1"}],"replies":[{"embeddable":true,"href":"https:\/\/he-lifecare.de\/dev\/wp-json\/wp\/v2\/comments?post=19"}],"version-history":[{"count":25,"href":"https:\/\/he-lifecare.de\/dev\/wp-json\/wp\/v2\/pages\/19\/revisions"}],"predecessor-version":[{"id":238,"href":"https:\/\/he-lifecare.de\/dev\/wp-json\/wp\/v2\/pages\/19\/revisions\/238"}],"wp:attachment":[{"href":"https:\/\/he-lifecare.de\/dev\/wp-json\/wp\/v2\/media?parent=19"}],"curies":[{"name":"wp","href":"https:\/\/api.w.org\/{rel}","templated":true}]}}