{"id":23,"date":"2021-07-01T14:19:04","date_gmt":"2021-07-01T12:19:04","guid":{"rendered":"http:\/\/he-lifecare.de\/dev\/?page_id=23"},"modified":"2021-10-26T08:01:17","modified_gmt":"2021-10-26T06:01:17","slug":"die-wohngemeinschaft","status":"publish","type":"page","link":"https:\/\/he-lifecare.de\/dev\/die-wohngemeinschaft\/","title":{"rendered":"Die Wohngemeinschaft"},"content":{"rendered":"<p>[et_pb_section fb_built=&#8220;1&#8243; _builder_version=&#8220;4.9.7&#8243; _module_preset=&#8220;default&#8220; background_color=&#8220;RGBA(0,0,0,0)&#8220; background_image=&#8220;https:\/\/he-lifecare.de\/dev\/wp-content\/uploads\/2021\/07\/back1_25percent.png&#8220; global_colors_info=&#8220;{}&#8220;][et_pb_row column_structure=&#8220;1_2,1_2&#8243; make_equal=&#8220;on&#8220; _builder_version=&#8220;4.9.7&#8243; _module_preset=&#8220;default&#8220; background_enable_image=&#8220;off&#8220; background_size=&#8220;contain&#8220; background_position=&#8220;center_right&#8220; width=&#8220;90%&#8220; global_colors_info=&#8220;{}&#8220;][et_pb_column type=&#8220;1_2&#8243; _builder_version=&#8220;4.9.7&#8243; _module_preset=&#8220;default&#8220; global_colors_info=&#8220;{}&#8220;][ba_animated_text animated_text=&#8220;%91{%22value%22:%22%22,%22checked%22:0,%22dragID%22:-1},{%22value%22:%22Die Wohngemeinschaft%22,%22checked%22:0,%22dragID%22:0}%93&#8243; animation_speed=&#8220;50ms&#8220; use_loop=&#8220;off&#8220; show_cursor=&#8220;off&#8220; _builder_version=&#8220;4.9.7&#8243; _module_preset=&#8220;default&#8220; animated_level=&#8220;h2&#8243; animated_font=&#8220;|600|||||||&#8220; animated_text_color=&#8220;#7F61A1&#8243; custom_margin=&#8220;200px||200px||false|false&#8220; custom_margin_tablet=&#8220;0px||||false|false&#8220; custom_margin_phone=&#8220;0px||||false|false&#8220; custom_margin_last_edited=&#8220;on|tablet&#8220; custom_padding=&#8220;||||false|false&#8220; locked=&#8220;off&#8220; global_colors_info=&#8220;{}&#8220;][\/ba_animated_text][et_pb_text _builder_version=&#8220;4.9.7&#8243; _module_preset=&#8220;default&#8220; header_3_font=&#8220;|600|||||||&#8220; header_3_text_color=&#8220;#7F61A1&#8243; custom_margin_tablet=&#8220;&#8220; custom_margin_phone=&#8220;50px||||false|false&#8220; custom_margin_last_edited=&#8220;on|tablet&#8220; global_colors_info=&#8220;{}&#8220;]<\/p>\n<h3>Intensiv-Wohngemeinschaft &amp;<\/h3>\n<h3><em>HE Life Care Ambulante Intensivpflege<\/em><\/h3>\n<p>[\/et_pb_text][et_pb_text ul_type=&#8220;circle&#8220; ul_item_indent=&#8220;50px&#8220; _builder_version=&#8220;4.9.7&#8243; _module_preset=&#8220;default&#8220; text_text_color=&#8220;#7F61A1&#8243; text_font_size=&#8220;20px&#8220; text_line_height=&#8220;1.4em&#8220; ul_text_color=&#8220;#565655&#8243; ul_line_height=&#8220;1.8em&#8220; custom_margin=&#8220;||||false|false&#8220; custom_margin_tablet=&#8220;&#8220; custom_margin_phone=&#8220;||||false|false&#8220; custom_margin_last_edited=&#8220;on|phone&#8220; global_colors_info=&#8220;{}&#8220;]<\/p>\n<blockquote>\n<p>\u201eLiebevolle Intensivpflege in sch\u00f6ner Umgebung.<br \/>Kompetent, professionell, wertsch\u00e4tzend\u201c<\/p>\n<\/blockquote>\n<p>[\/et_pb_text][\/et_pb_column][et_pb_column type=&#8220;1_2&#8243; _builder_version=&#8220;4.9.7&#8243; _module_preset=&#8220;default&#8220; background_enable_image=&#8220;off&#8220; background_size=&#8220;contain&#8220; global_colors_info=&#8220;{}&#8220;][et_pb_image src=&#8220;https:\/\/he-lifecare.de\/dev\/wp-content\/uploads\/2021\/07\/bed2.png&#8220; title_text=&#8220;bed2&#8243; _builder_version=&#8220;4.9.7&#8243; _module_preset=&#8220;default&#8220; custom_margin=&#8220;-60px|-40px||-29px|false|false&#8220; custom_margin_tablet=&#8220;&#8220; custom_margin_phone=&#8220;-30px|-10px||-15px|false|false&#8220; custom_margin_last_edited=&#8220;on|phone&#8220; global_colors_info=&#8220;{}&#8220;][\/et_pb_image][\/et_pb_column][\/et_pb_row][et_pb_row column_structure=&#8220;1_2,1_2&#8243; _builder_version=&#8220;4.9.7&#8243; _module_preset=&#8220;default&#8220; global_colors_info=&#8220;{}&#8220;][et_pb_column type=&#8220;1_2&#8243; _builder_version=&#8220;4.9.7&#8243; _module_preset=&#8220;default&#8220; global_colors_info=&#8220;{}&#8220;][et_pb_text ul_type=&#8220;circle&#8220; ul_item_indent=&#8220;50px&#8220; _builder_version=&#8220;4.10.8&#8243; _module_preset=&#8220;default&#8220; text_text_color=&#8220;#565655&#8243; text_line_height=&#8220;1.8em&#8220; ul_text_color=&#8220;#565655&#8243; ul_line_height=&#8220;1.8em&#8220; custom_margin=&#8220;-24px||||false|false&#8220; custom_margin_tablet=&#8220;&#8220; custom_margin_phone=&#8220;0px||||false|false&#8220; custom_margin_last_edited=&#8220;on|phone&#8220; hover_enabled=&#8220;0&#8243; global_colors_info=&#8220;{}&#8220; custom_padding=&#8220;0px|||||&#8220; sticky_enabled=&#8220;0&#8243;]<\/p>\n<p style=\"text-align: left;\">Wir, \u00a0die\u00a0 \u00a0Wohngemeinschaft in der \u201e<a href=\"https:\/\/www.pflegeinsel-neuhaus.de\/de\" target=\"_blank\" rel=\"noopener\">Pflegeinsel<\/a>&#8220; und der ambulante Pflegedienst HE Life Care Ambulante Intensivpflege er\u00f6ffnen \u00a0unsere Pforten \u00a0am 01.07.2021<\/p>\n<p style=\"text-align: left;\"><a href=\"https:\/\/www.pflegeinsel-neuhaus.de\/de\" target=\"_blank\" rel=\"noopener\">Das Haus (Pflegeinsel)<\/a>, in der sich die WG befindet,\u00a0 liegt im Ortskern von Neuhaus an der Pegnitz. Neuhaus ist ein Markt im mittelfr\u00e4nkischen Landkreis N\u00fcrnberger Land.\u00a0 Mit Blick auf die im Mittelalter f\u00fcrstbisch\u00f6fliche Residenzburg und direkt an der Pegnitz bestehen viele M\u00f6glichkeiten die sch\u00f6ne Gegend des Fremdenverkehrsortes zu erkunden. Von Spazierg\u00e4ngen an der Pegnitz oder im naheliegenden Veldensteiner Forst,\u00a0 Besuch einer Kommune (in Neuhaus wird immer noch das ber\u00fchmte Kommunenbier gebraut\u00a0 &#8211; das Braurecht und Schankrecht gibt es schon seit dem 16. Jahrhundert). Au\u00dferdem laden Besuche in die Maximilansgrotte,\u00a0 Fahrradwege und so manch romantische Winkel zum Verweilen ein.<\/p>\n<p style=\"text-align: left;\">Eine optimale Anbindung durch die Bahn ist gegeben (mit st\u00fcndlicher Anbindung zu allen Nah- und Fernverkehrsverbindungen). Der Bahnhof befindet sich ca. 500 m vom Haus entfernt und ist zu Fu\u00df sehr schnell zu erreichen. Von der Autobahnausfahrt in Plech ist die <a href=\"https:\/\/www.pflegeinsel-neuhaus.de\/de\" target=\"_blank\" rel=\"noopener\">&#8222;Pflegeinsel&#8220;<\/a> ca. 10\u00a0 km entfernt.\u00a0 Ganz in der N\u00e4he des Hauses befinden sich eine Apotheke, ein Zahnarzt, eine B\u00e4ckerei mit Kaffee, ein Supermarkt\u00a0 und vieles mehr.<\/p>\n<p style=\"text-align: left;\">Jedes der\u00a0 sechs Zimmer\u00a0 sind \u00a0Einzelzimmer \u00a0mit unterschiedlichen Zimmergr\u00f6\u00dfen. Die Zimmer sind teilweise mit hochwertigen Einbauschr\u00e4nken ausgestattet und\u00a0 k\u00f6nnen jedoch noch individuell selbstst\u00e4ndig eingerichtet werden. Die\u00a0Gestaltung der Zimmer obliegt den W\u00fcnschen des Bewohners \u00a0beziehungsweise seiner Angeh\u00f6rigen. Eigene M\u00f6bel k\u00f6nnen gerne mitgebracht werden. Ben\u00f6tigte Pflegehilfsmittel, wie zum Beispiel ein Pflegebett, ein Beatmungsger\u00e4t oder ein Absaugger\u00e4t, werden bei den zust\u00e4ndigen Kostentr\u00e4gern beantragt.<\/p>\n<p>[\/et_pb_text][\/et_pb_column][et_pb_column type=&#8220;1_2&#8243; _builder_version=&#8220;4.9.7&#8243; _module_preset=&#8220;default&#8220; global_colors_info=&#8220;{}&#8220;][et_pb_text ul_type=&#8220;circle&#8220; ul_item_indent=&#8220;50px&#8220; _builder_version=&#8220;4.9.7&#8243; _module_preset=&#8220;default&#8220; text_text_color=&#8220;#565655&#8243; text_line_height=&#8220;1.8em&#8220; ul_text_color=&#8220;#565655&#8243; ul_line_height=&#8220;1.8em&#8220; custom_margin=&#8220;-24px||||false|false&#8220; custom_margin_tablet=&#8220;&#8220; custom_margin_phone=&#8220;0px||||false|false&#8220; custom_margin_last_edited=&#8220;on|phone&#8220; global_colors_info=&#8220;{}&#8220;]<\/p>\n<p style=\"text-align: left;\">Ein gro\u00dfes Pflegebad mit Hebebadewanne l\u00e4dt zum Relaxen ein. \u00a0Zus\u00e4tzlich ist eine\u00a0 Behindertengerechte Dusche\u00a0 mit integriert.<\/p>\n<p style=\"text-align: left;\">Der gro\u00dfe Aufenthaltsbereich\u00a0 und die K\u00fcche sind gemeinschaftlich von den Bewohnern zu nutzen.<\/p>\n<p style=\"text-align: left;\">Abgerundet wird das Ganze mit \u00a0einem Wintergarten, der\u00a0\u00a0 gemeinschaftlich genutzt werden kann. Die Zimmer sind durch ihre gro\u00dfen Fenster lichtdurchflutet und erm\u00f6glichen einen sch\u00f6nen Blick auf das Geschehen au\u00dferhalb der WG.<\/p>\n<p style=\"text-align: left;\">Selbstverst\u00e4ndlich ist die Wohngemeinschaft barrierefrei\u00a0 und befindet sich im Erdgeschoss. Parkm\u00f6glichkeiten sind gegeben.<\/p>\n<p style=\"text-align: left;\">Die Wohngemeinschaft ist 24 Std. rund um die Uhr durch unsere Mitarbeiter besetzt, welche mit gro\u00dfem Engagement und Freude die Bewohner ganzheitlich pflegen.<\/p>\n<p style=\"text-align: left;\">Im Haus befindet sich die Physio-Praxis Reha aktiv, welche auch gerne in Anspruch genommen werden kann.\u00a0 Weiterhin eine niedergelassene \u00c4rztin (Allgemeinarztpraxis) in den oberen R\u00e4umen. Beide k\u00f6nnen auch mit einem Aufzug erreicht werden.<\/p>\n<p>[\/et_pb_text][\/et_pb_column][\/et_pb_row][et_pb_row _builder_version=&#8220;4.9.7&#8243; _module_preset=&#8220;default&#8220; global_colors_info=&#8220;{}&#8220;][et_pb_column type=&#8220;4_4&#8243; _builder_version=&#8220;4.9.7&#8243; _module_preset=&#8220;default&#8220; global_colors_info=&#8220;{}&#8220;][et_pb_divider divider_position=&#8220;center&#8220; divider_weight=&#8220;2px&#8220; _builder_version=&#8220;4.9.7&#8243; _module_preset=&#8220;default&#8220; global_colors_info=&#8220;{}&#8220;][\/et_pb_divider][\/et_pb_column][\/et_pb_row][et_pb_row _builder_version=&#8220;4.9.7&#8243; _module_preset=&#8220;default&#8220; global_colors_info=&#8220;{}&#8220;][et_pb_column type=&#8220;4_4&#8243; _builder_version=&#8220;4.9.7&#8243; _module_preset=&#8220;default&#8220; global_colors_info=&#8220;{}&#8220;][et_pb_text _builder_version=&#8220;4.9.7&#8243; _module_preset=&#8220;default&#8220; header_3_font=&#8220;|600|||||||&#8220; header_3_text_color=&#8220;#565655&#8243; header_3_font_size=&#8220;18px&#8220; header_3_line_height=&#8220;1.4em&#8220; global_colors_info=&#8220;{}&#8220;]<\/p>\n<h3>INFO!<br \/>Bilder sind vorl\u00e4ufig, teilweise noch ohne Einrichtung.<\/h3>\n<h3>Wohn-\/Aufenthaltsbereich und Sanit\u00e4rbereich<\/h3>\n<p>[\/et_pb_text][et_pb_gallery gallery_ids=&#8220;290,289,287,283,288,284,285,286&#8243; fullwidth=&#8220;on&#8220; db_image_object_fit=&#8220;initial&#8220; dbdb_version=&#8220;3.6.6&#8243; _builder_version=&#8220;4.10.8&#8243; _module_preset=&#8220;default&#8220; hover_enabled=&#8220;0&#8243; global_colors_info=&#8220;{}&#8220; sticky_enabled=&#8220;0&#8243;][\/et_pb_gallery][\/et_pb_column][\/et_pb_row][et_pb_row _builder_version=&#8220;4.9.7&#8243; _module_preset=&#8220;default&#8220; global_colors_info=&#8220;{}&#8220;][et_pb_column type=&#8220;4_4&#8243; _builder_version=&#8220;4.9.7&#8243; _module_preset=&#8220;default&#8220; global_colors_info=&#8220;{}&#8220;][et_pb_divider divider_position=&#8220;center&#8220; divider_weight=&#8220;2px&#8220; _builder_version=&#8220;4.9.7&#8243; _module_preset=&#8220;default&#8220; global_colors_info=&#8220;{}&#8220;][\/et_pb_divider][\/et_pb_column][\/et_pb_row][et_pb_row _builder_version=&#8220;4.9.7&#8243; _module_preset=&#8220;default&#8220; global_colors_info=&#8220;{}&#8220;][et_pb_column type=&#8220;4_4&#8243; _builder_version=&#8220;4.9.7&#8243; _module_preset=&#8220;default&#8220; global_colors_info=&#8220;{}&#8220;][et_pb_text _builder_version=&#8220;4.9.7&#8243; _module_preset=&#8220;default&#8220; header_3_font=&#8220;|600|||||||&#8220; header_3_text_color=&#8220;#7F61A1&#8243; header_3_line_height=&#8220;1.4em&#8220; global_colors_info=&#8220;{}&#8220;]<\/p>\n<h3><strong>Private Atmosph\u00e4re, hohe Lebensqualit\u00e4t<\/strong><\/h3>\n<p>[\/et_pb_text][et_pb_text ul_type=&#8220;circle&#8220; ul_item_indent=&#8220;50px&#8220; _builder_version=&#8220;4.9.7&#8243; _module_preset=&#8220;default&#8220; text_text_color=&#8220;#565655&#8243; text_line_height=&#8220;1.8em&#8220; ul_text_color=&#8220;#565655&#8243; ul_line_height=&#8220;1.8em&#8220; custom_margin=&#8220;-24px||||false|false&#8220; custom_margin_tablet=&#8220;&#8220; custom_margin_phone=&#8220;0px||||false|false&#8220; custom_margin_last_edited=&#8220;on|phone&#8220; global_colors_info=&#8220;{}&#8220;]<\/p>\n<p style=\"text-align: left;\">Ein Einzug in eine Wohngemeinschaft, bedeutet f\u00fcr die Betroffenen ein unabh\u00e4ngiges und wenn noch m\u00f6glich eigenst\u00e4ndiges Leben auf der einen Seite und qualifizierte, fachkundige Pflege auf der anderen Seite. Das Leben findet somit in den eigenen vier W\u00e4nden statt, trotzdem gibt es die M\u00f6glichkeit von Gemeinsamkeit und Erfahrungsaustausch mit anderen Betroffenen.<\/p>\n<p style=\"text-align: left;\"><span>Durch ein selbstgew\u00e4hltes Gremium der Selbstbestimmung k\u00f6nnen von den Mietern verschiedene Leistungen, W\u00fcnsche etc. gemeinsam beschlossen bzw. vorgetragen \u00a0werden.<\/span><\/p>\n<p style=\"text-align: left;\">Die flexible Versorgungsform orientiert sich am tats\u00e4chlichen Pflege- und Betreuungsbedarf und erm\u00f6glicht eine hohe Lebensqualit\u00e4t. Sie ist hervorragend dazu geeignet, dem Wunsch vieler Menschen nach einem selbst bestimmten Wohnen auch unter intensivpflegerischen Bedingungen Rechnung zu tragen.<\/p>\n<p style=\"text-align: left;\"><em>Unser Ziel ist,\u00a0 f\u00fcr intensivpflichtige Menschen einen sicheren Ort zu schaffen, an dem sie sich wohl und zu Hause f\u00fchlen k\u00f6nnen. Au\u00dferdem ist uns die Zufriedenheit aller Menschen, welche die Wohngemeinschaft aufsuchen, sehr wichtig.\u00a0 <\/em><\/p>\n<p style=\"text-align: left;\"><em>Unser Angebot im Bereich Wohngemeinschaft f\u00fcr Intensivpflege im Raum N\u00fcrnberger Land verbindet somit eine professionelle, einf\u00fchlsame Pflege mit einer selbstbestimmten Wohnsituation. <\/em><\/p>\n<p>[\/et_pb_text][\/et_pb_column][\/et_pb_row][et_pb_row column_structure=&#8220;1_2,1_2&#8243; disabled_on=&#8220;on|on|on&#8220; _builder_version=&#8220;4.9.7&#8243; _module_preset=&#8220;default&#8220; disabled=&#8220;on&#8220; global_colors_info=&#8220;{}&#8220;][et_pb_column type=&#8220;1_2&#8243; _builder_version=&#8220;4.9.7&#8243; _module_preset=&#8220;default&#8220; global_colors_info=&#8220;{}&#8220;][et_pb_text _builder_version=&#8220;4.9.7&#8243; _module_preset=&#8220;default&#8220; header_3_font=&#8220;|600|||||||&#8220; header_3_text_color=&#8220;#7F61A1&#8243; header_3_line_height=&#8220;1.4em&#8220; custom_margin_tablet=&#8220;&#8220; custom_margin_phone=&#8220;||||false|false&#8220; custom_margin_last_edited=&#8220;on|phone&#8220; global_colors_info=&#8220;{}&#8220;]<\/p>\n<h3>Gremium der Selbstbestimmung<\/h3>\n<p>[\/et_pb_text][et_pb_text ul_type=&#8220;circle&#8220; ul_item_indent=&#8220;50px&#8220; _builder_version=&#8220;4.9.7&#8243; _module_preset=&#8220;default&#8220; text_text_color=&#8220;#565655&#8243; text_line_height=&#8220;1.8em&#8220; ul_text_color=&#8220;#565655&#8243; ul_line_height=&#8220;1.8em&#8220; custom_margin=&#8220;-24px||||false|false&#8220; custom_margin_tablet=&#8220;&#8220; custom_margin_phone=&#8220;0px||||false|false&#8220; custom_margin_last_edited=&#8220;on|phone&#8220; global_colors_info=&#8220;{}&#8220;]<\/p>\n<p style=\"text-align: left;\">Unsere Mieter und Mieterinnen bzw. deren Angeh\u00f6rige bzw. gesetzlichen Vertreter k\u00f6nnen selbst die Art und Umfang der Betreuungs- und Pflegeleistungen bestimmen.\u00a0 Dies wird durch ein zu bildendes Gremium der Selbstbestimmung gew\u00e4hrleistet.<\/p>\n<p style=\"text-align: left;\">Dienstleistungsanbieter wie Pflegedienst sind frei w\u00e4hlbar und G\u00e4ste in der abWG.<\/p>\n<p style=\"text-align: left;\">Die Wohngemeinschaft ist kein Bestandteil einer station\u00e4ren Einrichtung und ist baulich, organisatorisch und wirtschaftlich selbstst\u00e4ndig.<\/p>\n<ul style=\"text-align: left;\">\n<li>Moderation: Planung und Aufgaben einer m\u00f6glichen Moderation<br \/>(wer, wie, wann zu welchen Kosten?)<\/li>\n<\/ul>\n<p style=\"text-align: left;\">Die Moderation des Gremiums muss nach Einzug des Patienten geplant werden und kann durch\u00a0 eine von den Mietern bzw. deren Angeh\u00f6rigen\/Betreuer ausgew\u00e4hlte Person \u00fcbernommen werden.<\/p>\n<p>[\/et_pb_text][\/et_pb_column][et_pb_column type=&#8220;1_2&#8243; _builder_version=&#8220;4.9.7&#8243; _module_preset=&#8220;default&#8220; global_colors_info=&#8220;{}&#8220;][et_pb_text _builder_version=&#8220;4.9.7&#8243; _module_preset=&#8220;default&#8220; header_3_font=&#8220;|600|||||||&#8220; header_3_text_color=&#8220;#7F61A1&#8243; header_3_line_height=&#8220;1.4em&#8220; global_colors_info=&#8220;{}&#8220;]<\/p>\n<h3><strong>Private Atmosph\u00e4re, hohe Lebensqualit\u00e4t<\/strong><\/h3>\n<p>[\/et_pb_text][et_pb_text ul_type=&#8220;circle&#8220; ul_item_indent=&#8220;50px&#8220; _builder_version=&#8220;4.9.7&#8243; _module_preset=&#8220;default&#8220; text_text_color=&#8220;#565655&#8243; text_line_height=&#8220;1.8em&#8220; ul_text_color=&#8220;#565655&#8243; ul_line_height=&#8220;1.8em&#8220; custom_margin=&#8220;-24px||||false|false&#8220; custom_margin_tablet=&#8220;&#8220; custom_margin_phone=&#8220;0px||||false|false&#8220; custom_margin_last_edited=&#8220;on|phone&#8220; global_colors_info=&#8220;{}&#8220;]<\/p>\n<p style=\"text-align: left;\">Ein Einzug in eine Wohngemeinschaft, bedeutet f\u00fcr die Betroffenen ein unabh\u00e4ngiges und wenn noch m\u00f6glich eigenst\u00e4ndiges Leben auf der einen Seite und qualifizierte, fachkundige Pflege auf der anderen Seite. Das Leben findet somit in den eigenen vier W\u00e4nden statt, trotzdem gibt es die M\u00f6glichkeit von Gemeinsamkeit und Erfahrungsaustausch mit anderen Betroffenen.<\/p>\n<p style=\"text-align: left;\">Die flexible Versorgungsform orientiert sich am tats\u00e4chlichen Pflege- und Betreuungsbedarf und erm\u00f6glicht eine hohe Lebensqualit\u00e4t. Sie ist hervorragend dazu geeignet, dem Wunsch vieler Menschen nach einem selbst bestimmten Wohnen auch unter intensivpflegerischen Bedingungen Rechnung zu tragen.<\/p>\n<p style=\"text-align: left;\"><em>Unser Ziel ist,\u00a0 f\u00fcr intensivpflichtige Menschen einen sicheren Ort zu schaffen, an dem sie sich wohl und zu Hause f\u00fchlen k\u00f6nnen. Au\u00dferdem ist uns die Zufriedenheit aller Menschen, welche die Wohngemeinschaft aufsuchen, sehr wichtig.\u00a0 <\/em><\/p>\n<p style=\"text-align: left;\"><em>Unser Angebot im Bereich Wohngemeinschaft f\u00fcr Intensivpflege im Raum N\u00fcrnberger Land verbindet somit eine professionelle, einf\u00fchlsame Pflege mit einer selbstbestimmten Wohnsituation. <\/em><\/p>\n<p>[\/et_pb_text][\/et_pb_column][\/et_pb_row][et_pb_row _builder_version=&#8220;4.9.7&#8243; _module_preset=&#8220;default&#8220; custom_margin=&#8220;0px||0px||false|false&#8220; custom_padding=&#8220;0px||0px||false|false&#8220; global_colors_info=&#8220;{}&#8220;][et_pb_column type=&#8220;4_4&#8243; _builder_version=&#8220;4.9.7&#8243; _module_preset=&#8220;default&#8220; global_colors_info=&#8220;{}&#8220;][et_pb_divider divider_position=&#8220;center&#8220; divider_weight=&#8220;2px&#8220; _builder_version=&#8220;4.9.7&#8243; _module_preset=&#8220;default&#8220; global_colors_info=&#8220;{}&#8220;][\/et_pb_divider][\/et_pb_column][\/et_pb_row][et_pb_row _builder_version=&#8220;4.9.7&#8243; _module_preset=&#8220;default&#8220; custom_margin=&#8220;0px||0px||false|false&#8220; custom_padding=&#8220;0px||0px||false|false&#8220; global_colors_info=&#8220;{}&#8220;][et_pb_column type=&#8220;4_4&#8243; _builder_version=&#8220;4.9.7&#8243; _module_preset=&#8220;default&#8220; global_colors_info=&#8220;{}&#8220;][et_pb_text _builder_version=&#8220;4.9.7&#8243; _module_preset=&#8220;default&#8220; header_2_text_color=&#8220;#7F61A1&#8243; header_2_line_height=&#8220;1.4em&#8220; header_3_text_color=&#8220;#7F61A1&#8243; header_3_line_height=&#8220;1.4em&#8220; header_4_text_color=&#8220;#7F61A1&#8243; header_4_line_height=&#8220;1.4em&#8220; custom_margin=&#8220;0px||0px||false|false&#8220; custom_padding=&#8220;0px||0px||false|false&#8220; global_colors_info=&#8220;{}&#8220;]<\/p>\n<h4>Jeder Patient schlie\u00dft zwei Vertr\u00e4ge. Einen f\u00fcr die Wohngemeinschaft<br \/>und einen f\u00fcr die pflegerische Versorgung.<\/h4>\n<p>[\/et_pb_text][\/et_pb_column][\/et_pb_row][et_pb_row _builder_version=&#8220;4.9.7&#8243; _module_preset=&#8220;default&#8220; custom_margin=&#8220;0px||0px||false|false&#8220; custom_padding=&#8220;0px||0px||false|false&#8220; global_colors_info=&#8220;{}&#8220;][et_pb_column type=&#8220;4_4&#8243; _builder_version=&#8220;4.9.7&#8243; _module_preset=&#8220;default&#8220; global_colors_info=&#8220;{}&#8220;][et_pb_divider divider_position=&#8220;center&#8220; divider_weight=&#8220;2px&#8220; _builder_version=&#8220;4.9.7&#8243; _module_preset=&#8220;default&#8220; global_colors_info=&#8220;{}&#8220;][\/et_pb_divider][\/et_pb_column][\/et_pb_row][et_pb_row _builder_version=&#8220;4.9.7&#8243; _module_preset=&#8220;default&#8220; global_colors_info=&#8220;{}&#8220;][et_pb_column type=&#8220;4_4&#8243; _builder_version=&#8220;4.9.7&#8243; _module_preset=&#8220;default&#8220; global_colors_info=&#8220;{}&#8220;][et_pb_text _builder_version=&#8220;4.9.7&#8243; _module_preset=&#8220;default&#8220; header_3_font=&#8220;|600|||||||&#8220; header_3_text_color=&#8220;#7F61A1&#8243; global_colors_info=&#8220;{}&#8220;]<\/p>\n<h3>Finanzierung<\/h3>\n<p>[\/et_pb_text][et_pb_text ul_type=&#8220;circle&#8220; ul_item_indent=&#8220;50px&#8220; _builder_version=&#8220;4.9.7&#8243; _module_preset=&#8220;default&#8220; text_text_color=&#8220;#565655&#8243; text_line_height=&#8220;1.8em&#8220; ul_text_color=&#8220;#565655&#8243; ul_line_height=&#8220;1.8em&#8220; custom_margin=&#8220;-24px||||false|false&#8220; custom_margin_tablet=&#8220;&#8220; custom_margin_phone=&#8220;0px||||false|false&#8220; custom_margin_last_edited=&#8220;on|phone&#8220; global_colors_info=&#8220;{}&#8220;]<\/p>\n<p><strong>Kosten\u00fcbernahme gr\u00f6\u00dftenteils durch Kranken- und Pflegekassen f\u00fcr den Pflegedienst. <\/strong>Das Konzept der au\u00dferklinischen Intensivpflege wird gr\u00f6\u00dftenteils von den Kostentr\u00e4gern der Kranken- und Pflegekassen finanziert, in Einzelf\u00e4llen auch Berufs- oder Haftpflichtversicherungen. Zur Finanzierung der au\u00dferklinischen Intensivpflege beraten wir Sie gerne kostenlos sowie unverbindlich und \u00fcbernehmen die Kommunikation mit den jeweiligen Kostentr\u00e4gern.<\/p>\n<p>[\/et_pb_text][et_pb_divider divider_position=&#8220;center&#8220; divider_weight=&#8220;2px&#8220; _builder_version=&#8220;4.9.7&#8243; _module_preset=&#8220;default&#8220; global_colors_info=&#8220;{}&#8220;][\/et_pb_divider][et_pb_text _builder_version=&#8220;4.9.7&#8243; _module_preset=&#8220;default&#8220; header_3_font=&#8220;|600|||||||&#8220; header_3_text_color=&#8220;#7F61A1&#8243; global_colors_info=&#8220;{}&#8220;]<\/p>\n<h3><strong>Mietvertrag<\/strong><\/h3>\n<p>[\/et_pb_text][et_pb_text ul_type=&#8220;circle&#8220; ul_item_indent=&#8220;50px&#8220; _builder_version=&#8220;4.9.7&#8243; _module_preset=&#8220;default&#8220; text_text_color=&#8220;#565655&#8243; text_line_height=&#8220;1.8em&#8220; ul_text_color=&#8220;#565655&#8243; ul_line_height=&#8220;1.8em&#8220; custom_margin=&#8220;-24px||||false|false&#8220; custom_margin_tablet=&#8220;&#8220; custom_margin_phone=&#8220;0px||||false|false&#8220; custom_margin_last_edited=&#8220;on|phone&#8220; global_colors_info=&#8220;{}&#8220;]<\/p>\n<p>Mit dem Eigent\u00fcmer der Wohngemeinschaft schlie\u00dft jeder Bewohner einen Mietvertrag ab.<\/p>\n<p>[\/et_pb_text][\/et_pb_column][\/et_pb_row][\/et_pb_section]<\/p>\n","protected":false},"excerpt":{"rendered":"<p><div class=\"et_pb_module ba_animated_text ba_animated_text_0\">\n\t\t\t\t\n\t\t\t\t\n\t\t\t\t\n\t\t\t\t\n\t\t\t\t\n\t\t\t\t\n\t\t\t\t<div class=\"et_pb_module_inner\">\n\t\t\t\t\t<div id=\"dtq-animated-text-0\" class=\"dtq-module dtq-animated-text dtq-front\" data-settings=\"{&quot;strings&quot;:[&quot;&quot;,&quot;Die Wohngemeinschaft&quot;],&quot;showCursor&quot;:true,&quot;loop&quot;:false,&quot;typeSpeed&quot;:50,&quot;startDelay&quot;:300,&quot;backSpeed&quot;:50,&quot;backDelay&quot;:500}\" data-type=\"typed\">\n\t\t\t\t<h2 class=\"dtq-animated-text-head\">\n\t\t\t\t\t <div class=\"dtq-text-animation dtq-animated-text-main dtq-typed-text\"><\/div> \n\t\t\t\t<\/h2>\n\t\t\t<\/div>\n\t\t\t\t<\/div>\n\t\t\t<\/div>Intensiv-Wohngemeinschaft &amp; HE Life Care Ambulante Intensivpflege \u201eLiebevolle Intensivpflege in sch\u00f6ner Umgebung.Kompetent, professionell, wertsch\u00e4tzend\u201c Wir, \u00a0die\u00a0 \u00a0Wohngemeinschaft in der \u201ePflegeinsel&#8220; und der ambulante Pflegedienst HE Life Care Ambulante Intensivpflege er\u00f6ffnen \u00a0unsere Pforten \u00a0am 01.07.2021 Das Haus (Pflegeinsel), in [&hellip;]<\/p>\n","protected":false},"author":1,"featured_media":0,"parent":0,"menu_order":0,"comment_status":"closed","ping_status":"closed","template":"","meta":{"_et_pb_use_builder":"on","_et_pb_old_content":"","_et_gb_content_width":"","footnotes":""},"class_list":["post-23","page","type-page","status-publish","hentry"],"_links":{"self":[{"href":"https:\/\/he-lifecare.de\/dev\/wp-json\/wp\/v2\/pages\/23","targetHints":{"allow":["GET"]}}],"collection":[{"href":"https:\/\/he-lifecare.de\/dev\/wp-json\/wp\/v2\/pages"}],"about":[{"href":"https:\/\/he-lifecare.de\/dev\/wp-json\/wp\/v2\/types\/page"}],"author":[{"embeddable":true,"href":"https:\/\/he-lifecare.de\/dev\/wp-json\/wp\/v2\/users\/1"}],"replies":[{"embeddable":true,"href":"https:\/\/he-lifecare.de\/dev\/wp-json\/wp\/v2\/comments?post=23"}],"version-history":[{"count":18,"href":"https:\/\/he-lifecare.de\/dev\/wp-json\/wp\/v2\/pages\/23\/revisions"}],"predecessor-version":[{"id":291,"href":"https:\/\/he-lifecare.de\/dev\/wp-json\/wp\/v2\/pages\/23\/revisions\/291"}],"wp:attachment":[{"href":"https:\/\/he-lifecare.de\/dev\/wp-json\/wp\/v2\/media?parent=23"}],"curies":[{"name":"wp","href":"https:\/\/api.w.org\/{rel}","templated":true}]}}