{"id":27,"date":"2021-07-01T14:19:32","date_gmt":"2021-07-01T12:19:32","guid":{"rendered":"http:\/\/he-lifecare.de\/dev\/?page_id=27"},"modified":"2022-09-24T11:37:21","modified_gmt":"2022-09-24T09:37:21","slug":"impressum","status":"publish","type":"page","link":"https:\/\/he-lifecare.de\/dev\/impressum\/","title":{"rendered":"Impressum"},"content":{"rendered":"<p>[et_pb_section fb_built=&#8220;1&#8243; _builder_version=&#8220;4.16&#8243; _module_preset=&#8220;default&#8220; background_color=&#8220;RGBA(0,0,0,0)&#8220; background_image=&#8220;https:\/\/he-lifecare.de\/dev\/wp-content\/uploads\/2021\/07\/back1_25percent.png&#8220; global_colors_info=&#8220;{}&#8220;][et_pb_row _builder_version=&#8220;4.16&#8243; _module_preset=&#8220;default&#8220; background_enable_image=&#8220;off&#8220; background_size=&#8220;contain&#8220; background_position=&#8220;center_right&#8220; width=&#8220;90%&#8220; global_colors_info=&#8220;{}&#8220;][et_pb_column type=&#8220;4_4&#8243; _builder_version=&#8220;4.16&#8243; _module_preset=&#8220;default&#8220; global_colors_info=&#8220;{}&#8220;][ba_animated_text animated_text=&#8220;%91{%22value%22:%22%22,%22checked%22:0,%22dragID%22:-1},{%22value%22:%22Impressum%22,%22checked%22:0,%22dragID%22:0}%93&#8243; animation_speed=&#8220;50ms&#8220; use_loop=&#8220;off&#8220; show_cursor=&#8220;off&#8220; _builder_version=&#8220;4.16&#8243; _module_preset=&#8220;default&#8220; animated_level=&#8220;h2&#8243; animated_font=&#8220;|600|||||||&#8220; animated_text_color=&#8220;#7F61A1&#8243; custom_margin=&#8220;200px||||false|false&#8220; custom_margin_tablet=&#8220;&#8220; custom_margin_phone=&#8220;0px||||false|false&#8220; custom_margin_last_edited=&#8220;on|phone&#8220; custom_padding=&#8220;||||false|false&#8220; locked=&#8220;off&#8220; global_colors_info=&#8220;{}&#8220;][\/ba_animated_text][\/et_pb_column][\/et_pb_row][et_pb_row column_structure=&#8220;3_5,2_5&#8243; _builder_version=&#8220;4.16&#8243; _module_preset=&#8220;default&#8220; width=&#8220;90%&#8220; custom_margin=&#8220;||100px||false|false&#8220; global_colors_info=&#8220;{}&#8220;][et_pb_column type=&#8220;3_5&#8243; _builder_version=&#8220;4.16&#8243; _module_preset=&#8220;default&#8220; global_colors_info=&#8220;{}&#8220;][et_pb_accordion db_closeable=&#8220;on&#8220; db_initial_state=&#8220;all_closed&#8220; open_toggle_text_color=&#8220;#7F61A1&#8243; open_toggle_background_color=&#8220;rgba(229,222,237,0.5)&#8220; closed_toggle_text_color=&#8220;#565655&#8243; closed_toggle_background_color=&#8220;rgba(229,222,237,0.5)&#8220; icon_color=&#8220;#7F61A1&#8243; use_icon_font_size=&#8220;on&#8220; icon_font_size=&#8220;26px&#8220; _builder_version=&#8220;4.18.0&#8243; _module_preset=&#8220;default&#8220; toggle_text_color=&#8220;#7F61A1&#8243; toggle_level=&#8220;h4&#8243; toggle_font=&#8220;|600|||||||&#8220; hover_enabled=&#8220;0&#8243; border_radii=&#8220;on|20px|20px|20px|20px&#8220; border_color_all=&#8220;#7F61A1&#8243; global_colors_info=&#8220;{}&#8220; sticky_enabled=&#8220;0&#8243;][et_pb_accordion_item title=&#8220;Anschrift B\u00fcro&#8220; open=&#8220;on&#8220; _builder_version=&#8220;4.18.0&#8243; _module_preset=&#8220;default&#8220; hover_enabled=&#8220;0&#8243; global_colors_info=&#8220;{}&#8220; sticky_enabled=&#8220;0&#8243;]<\/p>\n<p>HE Life Care Ambulante Intensivpflege GmbH<br \/>Oberer Markt 2<br \/>91284 Neuhaus a.d. Pegnitz<\/p>\n<p>[\/et_pb_accordion_item][et_pb_accordion_item title=&#8220;Anschrift Wohngemeinschaft %22Pflegeinsel%22&#8243; open=&#8220;on&#8220; _builder_version=&#8220;4.18.0&#8243; _module_preset=&#8220;default&#8220; hover_enabled=&#8220;0&#8243; global_colors_info=&#8220;{}&#8220; sticky_enabled=&#8220;0&#8243;]<\/p>\n<p>HE Life Care Ambulante Intensivpflege GmbH<br \/>Bahnhofstra\u00dfe 1<br \/>91284 Neuhaus a.d. Pegnitz<\/p>\n<p>[\/et_pb_accordion_item][et_pb_accordion_item title=&#8220;Vertreten durch:&#8220; _builder_version=&#8220;4.16&#8243; _module_preset=&#8220;default&#8220; global_colors_info=&#8220;{}&#8220; open=&#8220;off&#8220;]<\/p>\n<p>Frau Heidrun Ertem<br \/>Gesch\u00e4ftsf\u00fchrerin<\/p>\n<p>[\/et_pb_accordion_item][et_pb_accordion_item title=&#8220;Kontakt&#8220; _builder_version=&#8220;4.16&#8243; _module_preset=&#8220;default&#8220; global_colors_info=&#8220;{}&#8220; open=&#8220;off&#8220;]<\/p>\n<p>Telefon: 09156 &#8211; 9279500<br \/>Fax: 09156 \u2013 9279501<br \/>E-Mail: \u00a0<a href=\"mailto:h.ertem@he-lifecare.de\">h.ertem@he-lifecare.de<\/a><br \/>Webseite: <a href=\"http:\/\/www.he-lifecare.de\">www.he-lifecare.de<\/a><\/p>\n<p>[\/et_pb_accordion_item][et_pb_accordion_item title=&#8220;Registereintrag&#8220; _builder_version=&#8220;4.16&#8243; _module_preset=&#8220;default&#8220; global_colors_info=&#8220;{}&#8220; open=&#8220;off&#8220;]<\/p>\n<div>Eintragung im Handelsregister.<\/div>\n<div>\n<div>Sitz der Gesellschaft: Neuhaus a.d.Pegn.<\/div>\n<div>\n<div>Registergericht: Amtsgericht N\u00fcrnberg<\/div>\n<div>\n<div>Registernummer: HRB 38865<\/div>\n<\/div>\n<\/div>\n<\/div>\n<p>[\/et_pb_accordion_item][et_pb_accordion_item title=&#8220;Umsatzsteuer&#8220; _builder_version=&#8220;4.16&#8243; _module_preset=&#8220;default&#8220; global_colors_info=&#8220;{}&#8220; open=&#8220;off&#8220;]<\/p>\n<p>Umsatzsteuer-Identifikationsnummer gem\u00e4\u00df \u00a727 a Umsatzsteuergesetz: DE <span>342 247 302<\/span><\/p>\n<p>[\/et_pb_accordion_item][et_pb_accordion_item title=&#8220;Inhaltlich Verantwortlicher gem.\u00a755IIRStV&#8220; _builder_version=&#8220;4.16&#8243; _module_preset=&#8220;default&#8220; global_colors_info=&#8220;{}&#8220; open=&#8220;off&#8220;]<\/p>\n<p>Frau Heidrun Ertem<br \/>E-Mail: h.ertem@he-lifecare.de<\/p>\n<p>[\/et_pb_accordion_item][\/et_pb_accordion][\/et_pb_column][et_pb_column type=&#8220;2_5&#8243; _builder_version=&#8220;4.16&#8243; _module_preset=&#8220;default&#8220; global_colors_info=&#8220;{}&#8220;][et_pb_blurb title=&#8220;Streitschlichtung&#8220; use_icon=&#8220;on&#8220; font_icon=&#8220;&#xf24e;||divi||400&#8243; icon_color=&#8220;#FFFFFF&#8220; image_icon_background_color=&#8220;#D0C2DD&#8220; icon_placement=&#8220;left&#8220; image_icon_width=&#8220;40px&#8220; _builder_version=&#8220;4.16&#8243; _module_preset=&#8220;default&#8220; header_font=&#8220;|600|||||||&#8220; header_text_color=&#8220;#7F61A1&#8243; header_font_size=&#8220;16px&#8220; body_text_color=&#8220;#565655&#8243; body_font_size=&#8220;13px&#8220; body_line_height=&#8220;1.5em&#8220; image_icon_custom_padding=&#8220;8px|8px|8px|8px|false|false&#8220; border_radii_image=&#8220;on|100%|100%|100%|100%&#8220; icon_font_size=&#8220;40px&#8220; use_circle=&#8220;on&#8220; circle_color=&#8220;#D0C2DD&#8220; global_colors_info=&#8220;{}&#8220; image_icon_background_color__sticky_enabled=&#8220;#7f61a1&#8243; image_icon_background_color__sticky=&#8220;#7f61a1&#8243;]<\/p>\n<div>Wir sind nicht bereit oder verpflichtet, an Streitbeilegungsverfahren vor einer Verbraucherschlichtungsstelle\u00a0teilzunehmen.<\/div>\n<p>[\/et_pb_blurb][et_pb_blurb title=&#8220;Haftungsausschluss \/ Haftung f\u00fcr Inhalte&#8220; use_icon=&#8220;on&#8220; font_icon=&#8220;&#xe005;||divi||400&#8243; icon_color=&#8220;#FFFFFF&#8220; image_icon_background_color=&#8220;#D0C2DD&#8220; icon_placement=&#8220;left&#8220; image_icon_width=&#8220;40px&#8220; _builder_version=&#8220;4.16&#8243; _module_preset=&#8220;default&#8220; header_font=&#8220;|600|||||||&#8220; header_text_color=&#8220;#7F61A1&#8243; header_font_size=&#8220;16px&#8220; body_text_color=&#8220;#565655&#8243; body_font_size=&#8220;13px&#8220; body_line_height=&#8220;1.5em&#8220; image_icon_custom_padding=&#8220;8px|8px|8px|8px|false|false&#8220; border_radii_image=&#8220;on|100%|100%|100%|100%&#8220; icon_font_size=&#8220;40px&#8220; use_circle=&#8220;on&#8220; circle_color=&#8220;#D0C2DD&#8220; global_colors_info=&#8220;{}&#8220; image_icon_background_color__sticky_enabled=&#8220;#7f61a1&#8243; image_icon_background_color__sticky=&#8220;#7f61a1&#8243;]<\/p>\n<div>\n<p>Als Diensteanbieter sind wir gem\u00e4\u00df \u00a7 7 Abs.1 TMG f\u00fcr eigene Inhalte auf diesen Seiten nach den allgemeinen Gesetzen verantwortlich. Nach \u00a7\u00a7 8 bis 10 TMG sind wir als Diensteanbieter jedoch nicht verpflichtet, \u00fcbermittelte oder gespeicherte fremde Informationen zu \u00fcberwachen oder nach Umst\u00e4nden zu forschen, die auf eine rechtswidrige T\u00e4tigkeit hinweisen.<\/p>\n<div>Verpflichtungen zur Entfernung oder Sperrung der Nutzung von Informationen nach den allgemeinen Gesetzen bleiben hiervon unber\u00fchrt. Eine diesbez\u00fcgliche Haftung ist jedoch erst ab dem Zeitpunkt der Kenntnis einer konkreten Rechtsverletzung m\u00f6glich. Bei Bekanntwerden von entsprechenden Rechtsverletzungen werden wir diese Inhalte umgehend\u00a0entfernen.<\/div>\n<\/div>\n<p>[\/et_pb_blurb][et_pb_blurb title=&#8220;Urheberrecht&#8220; use_icon=&#8220;on&#8220; font_icon=&#8220;&#xf19c;||divi||400&#8243; icon_color=&#8220;#FFFFFF&#8220; image_icon_background_color=&#8220;#D0C2DD&#8220; icon_placement=&#8220;left&#8220; image_icon_width=&#8220;40px&#8220; _builder_version=&#8220;4.16&#8243; _module_preset=&#8220;default&#8220; header_font=&#8220;|600|||||||&#8220; header_text_color=&#8220;#7F61A1&#8243; header_font_size=&#8220;16px&#8220; body_text_color=&#8220;#565655&#8243; body_font_size=&#8220;13px&#8220; body_line_height=&#8220;1.5em&#8220; image_icon_custom_padding=&#8220;8px|8px|8px|8px|false|false&#8220; border_radii_image=&#8220;on|100%|100%|100%|100%&#8220; icon_font_size=&#8220;40px&#8220; use_circle=&#8220;on&#8220; circle_color=&#8220;#D0C2DD&#8220; global_colors_info=&#8220;{}&#8220; image_icon_background_color__sticky_enabled=&#8220;#7f61a1&#8243; image_icon_background_color__sticky=&#8220;#7f61a1&#8243;]<\/p>\n<div>Die durch die Seitenbetreiber erstellten Inhalte und Werke auf diesen Seiten unterliegen dem deutschen Urheberrecht. Die Vervielf\u00e4ltigung, Bearbeitung, Verbreitung und jede Art der Verwertung au\u00dferhalb der Grenzen des Urheberrechtes bed\u00fcrfen der schriftlichen Zustimmung des jeweiligen Autors bzw. Erstellers. Downloads und Kopien dieser Seite sind nur f\u00fcr den privaten, nicht kommerziellen Gebrauch\u00a0gestattet.<\/div>\n<div>\n<div>Soweit die Inhalte auf dieser Seite nicht vom Betreiber erstellt wurden, werden die Urheberrechte Dritter beachtet. Insbesondere werden Inhalte Dritter als solche gekennzeichnet. Sollten Sie trotzdem auf eine Urheberrechtsverletzung aufmerksam werden, bitten wir um einen entsprechenden Hinweis. Bei Bekanntwerden von Rechtsverletzungen werden wir derartige Inhalte umgehend\u00a0entfernen.<\/div>\n<div>\n<div>Quelle: e\u2011recht24.de, letzte \u00c4nderung\u00a005.2018<\/div>\n<\/div>\n<\/div>\n<p>[\/et_pb_blurb][et_pb_blurb title=&#8220;Haftung f\u00fcr Links&#8220; use_icon=&#8220;on&#8220; font_icon=&#8220;&#xe60c;||divi||400&#8243; icon_color=&#8220;#FFFFFF&#8220; image_icon_background_color=&#8220;#D0C2DD&#8220; icon_placement=&#8220;left&#8220; image_icon_width=&#8220;40px&#8220; _builder_version=&#8220;4.16&#8243; _module_preset=&#8220;default&#8220; header_font=&#8220;|600|||||||&#8220; header_text_color=&#8220;#7F61A1&#8243; header_font_size=&#8220;16px&#8220; body_text_color=&#8220;#565655&#8243; body_font_size=&#8220;13px&#8220; body_line_height=&#8220;1.5em&#8220; image_icon_custom_padding=&#8220;8px|8px|8px|8px|false|false&#8220; border_radii_image=&#8220;on|100%|100%|100%|100%&#8220; icon_font_size=&#8220;40px&#8220; use_circle=&#8220;on&#8220; circle_color=&#8220;#D0C2DD&#8220; global_colors_info=&#8220;{}&#8220; image_icon_background_color__sticky_enabled=&#8220;#7f61a1&#8243; image_icon_background_color__sticky=&#8220;#7f61a1&#8243;]<\/p>\n<div>Unser Angebot enth\u00e4lt Links zu externen Websites Dritter, auf deren Inhalte wir keinen Einfluss haben. Deshalb k\u00f6nnen wir f\u00fcr diese fremden Inhalte auch keine Gew\u00e4hr \u00fcbernehmen. F\u00fcr die Inhalte der verlinkten Seiten ist stets der jeweilige Anbieter oder Betreiber der Seiten verantwortlich. Die verlinkten Seiten wurden zum Zeitpunkt der Verlinkung auf m\u00f6gliche Rechtsverst\u00f6\u00dfe \u00fcberpr\u00fcft. Rechtswidrige Inhalte waren zum Zeitpunkt der Verlinkung nicht\u00a0erkennbar.<\/div>\n<div>\n<div>Eine permanente inhaltliche Kontrolle der verlinkten Seiten ist jedoch ohne konkrete Anhaltspunkte einer Rechtsverletzung nicht zumutbar. Bei Bekanntwerden von Rechtsverletzungen werden wir derartige Links umgehend\u00a0entfernen.<\/div>\n<\/div>\n<p>[\/et_pb_blurb][\/et_pb_column][\/et_pb_row][\/et_pb_section]<\/p>\n","protected":false},"excerpt":{"rendered":"<p><div class=\"et_pb_module ba_animated_text ba_animated_text_0\">\n\t\t\t\t\n\t\t\t\t\n\t\t\t\t\n\t\t\t\t\n\t\t\t\t\n\t\t\t\t\n\t\t\t\t<div class=\"et_pb_module_inner\">\n\t\t\t\t\t<div id=\"dtq-animated-text-0\" class=\"dtq-module dtq-animated-text dtq-front\" data-settings=\"{&quot;strings&quot;:[&quot;&quot;,&quot;Impressum&quot;],&quot;showCursor&quot;:true,&quot;loop&quot;:false,&quot;typeSpeed&quot;:50,&quot;startDelay&quot;:300,&quot;backSpeed&quot;:50,&quot;backDelay&quot;:500}\" data-type=\"typed\">\n\t\t\t\t<h2 class=\"dtq-animated-text-head\">\n\t\t\t\t\t <div class=\"dtq-text-animation dtq-animated-text-main dtq-typed-text\"><\/div> \n\t\t\t\t<\/h2>\n\t\t\t<\/div>\n\t\t\t\t<\/div>\n\t\t\t<\/div>HE Life Care Ambulante Intensivpflege GmbHOberer Markt 291284 Neuhaus a.d. PegnitzHE Life Care Ambulante Intensivpflege GmbHBahnhofstra\u00dfe 191284 Neuhaus a.d. PegnitzFrau Heidrun ErtemGesch\u00e4ftsf\u00fchrerinTelefon: 09156 &#8211; 9279500Fax: 09156 \u2013 9279501E-Mail: \u00a0h.ertem@he-lifecare.deWebseite: www.he-lifecare.deEintragung im Handelsregister. Sitz der Gesellschaft: Neuhaus a.d.Pegn. Registergericht: Amtsgericht [&hellip;]<\/p>\n","protected":false},"author":1,"featured_media":0,"parent":0,"menu_order":0,"comment_status":"closed","ping_status":"closed","template":"","meta":{"_et_pb_use_builder":"on","_et_pb_old_content":"","_et_gb_content_width":"","footnotes":""},"class_list":["post-27","page","type-page","status-publish","hentry"],"_links":{"self":[{"href":"https:\/\/he-lifecare.de\/dev\/wp-json\/wp\/v2\/pages\/27","targetHints":{"allow":["GET"]}}],"collection":[{"href":"https:\/\/he-lifecare.de\/dev\/wp-json\/wp\/v2\/pages"}],"about":[{"href":"https:\/\/he-lifecare.de\/dev\/wp-json\/wp\/v2\/types\/page"}],"author":[{"embeddable":true,"href":"https:\/\/he-lifecare.de\/dev\/wp-json\/wp\/v2\/users\/1"}],"replies":[{"embeddable":true,"href":"https:\/\/he-lifecare.de\/dev\/wp-json\/wp\/v2\/comments?post=27"}],"version-history":[{"count":21,"href":"https:\/\/he-lifecare.de\/dev\/wp-json\/wp\/v2\/pages\/27\/revisions"}],"predecessor-version":[{"id":717,"href":"https:\/\/he-lifecare.de\/dev\/wp-json\/wp\/v2\/pages\/27\/revisions\/717"}],"wp:attachment":[{"href":"https:\/\/he-lifecare.de\/dev\/wp-json\/wp\/v2\/media?parent=27"}],"curies":[{"name":"wp","href":"https:\/\/api.w.org\/{rel}","templated":true}]}}